{"id":535,"date":"2018-04-25T16:08:08","date_gmt":"2018-04-25T16:08:08","guid":{"rendered":"http:\/\/favf.mx\/web\/?page_id=535"},"modified":"2025-04-29T16:41:04","modified_gmt":"2025-04-29T16:41:04","slug":"vision","status":"publish","type":"page","link":"https:\/\/favf.mx\/web\/vision\/","title":{"rendered":"Visi\u00f3n"},"content":{"rendered":"<p><a name=\"_Toc177995030\"><\/a>Visi\u00f3n de la UAS, de la Facultad de Agricultura del Valle del Fuerte y de la Licenciatura en Ingenier\u00eda Agron\u00f3mica<\/p>\n<p>\u00a0<\/p>\n<table width=\"866\">\n<tbody>\n<tr>\n<td colspan=\"3\" width=\"866\">\n<p>VISI\u00d3N<\/p>\n<\/td>\n<\/tr>\n<tr>\n<td width=\"289\">\n<p><em>Universidad Aut\u00f3noma de Sinaloa<\/em><\/p>\n<\/td>\n<td width=\"289\">\n<p><em>Unidad Acad\u00e9mica<\/em><\/p>\n<p><em>Facultad de Agricultura del Valle del Fuerte<\/em><\/p>\n<\/td>\n<td width=\"289\">\n<p><em>Licenciatura en Ingenier\u00eda Agron\u00f3mica<\/em><\/p>\n<\/td>\n<\/tr>\n<tr>\n<td width=\"289\">\n<p>La UAS, en apego a su normatividad y a los lineamientos que se desprenden en materia de educaci\u00f3n, opera un modelo educativo y acad\u00e9mico consolidado; una gesti\u00f3n y administraci\u00f3n de calidad, con procesos administrativos certificados; programas educativos acreditados; una planta acad\u00e9mica altamente habilitada y certificada, organizada en CA consolidados y sus LGAC bien definidas; una comunidad estudiantil formada integralmente; egresados con habilidades tecnol\u00f3gicas y competencias laborales certificadas acorde con su mercado laboral; una s\u00f3lida vinculaci\u00f3n con los sectores productivos a trav\u00e9s de la transferencia del conocimiento de frontera; la cultura, el deporte y la extensi\u00f3n con alto impacto social; todo ello en un marco de transparencia, rendici\u00f3n de cuentas y cuidado del medio ambiente.<\/p>\n<p>\u00a0<\/p>\n<\/td>\n<td width=\"289\">\n<p>La Licenciatura en Ingenier\u00eda Agron\u00f3mica es un programa reconocido socialmente, acreditado por organismos nacionales e internacionales, con un modelo de docencia centrada en el aprendizaje y un curr\u00edculo por competencias profesionales integradas que permiten la formaci\u00f3n de profesionales de alta calidad en el campo de las Ciencias Agropecuarias. Cuenta con una planta acad\u00e9mica altamente habilitada, y Cuerpos Acad\u00e9micos que desarrollan investigaci\u00f3n pertinente y participan en redes acad\u00e9micas. Se encuentran ampliamente vinculados con instituciones afines que facilitan los procesos de intercambio y movilidad acad\u00e9mica.<\/p>\n<\/td>\n<td width=\"289\">\n<p>La Facultad de Agricultura del Valle del Fuerte es una instituci\u00f3n educativa de formaci\u00f3n de agr\u00f3nomos, reconocida por la calidad de los servicios de sus egresados y por la vinculaci\u00f3n de la necesidades del crecimiento agr\u00edcola de la regi\u00f3n, mediante cuerpos acad\u00e9micos formados por personal altamente capacitado para la investigaci\u00f3n, con pertinencia y reconocimiento social, basado en un modelo pedag\u00f3gico por competencias y de calidad en el campo de las ciencias agropecuarias, logrando la vinculaci\u00f3n nacional, entre instituciones mediante la movilidad, contando con programas acreditados por organismos nacionales e internacionales.<\/p>\n<\/td>\n<\/tr>\n<\/tbody>\n<\/table>\n\n\n<p><\/p>\n","protected":false},"excerpt":{"rendered":"<p>Visi\u00f3n de la UAS, de la Facultad de Agricultura del Valle del Fuerte y de la Licenciatura en Ingenier\u00eda Agron\u00f3mica \u00a0 VISI\u00d3N Universidad Aut\u00f3noma de Sinaloa Unidad Acad\u00e9mica Facultad de Agricultura del Valle del Fuerte Licenciatura en Ingenier\u00eda Agron\u00f3mica La&hellip;&nbsp;<a href=\"https:\/\/favf.mx\/web\/vision\/\" class=\"more-link\">Read More<\/a><\/p>\n","protected":false},"author":2,"featured_media":0,"parent":0,"menu_order":0,"comment_status":"closed","ping_status":"closed","template":"templates\/full-width.php","meta":{"_bbp_topic_count":0,"_bbp_reply_count":0,"_bbp_total_topic_count":0,"_bbp_total_reply_count":0,"_bbp_voice_count":0,"_bbp_anonymous_reply_count":0,"_bbp_topic_count_hidden":0,"_bbp_reply_count_hidden":0,"_bbp_forum_subforum_count":0,"footnotes":""},"class_list":["post-535","page","type-page","status-publish","hentry"],"_links":{"self":[{"href":"https:\/\/favf.mx\/web\/wp-json\/wp\/v2\/pages\/535","targetHints":{"allow":["GET"]}}],"collection":[{"href":"https:\/\/favf.mx\/web\/wp-json\/wp\/v2\/pages"}],"about":[{"href":"https:\/\/favf.mx\/web\/wp-json\/wp\/v2\/types\/page"}],"author":[{"embeddable":true,"href":"https:\/\/favf.mx\/web\/wp-json\/wp\/v2\/users\/2"}],"replies":[{"embeddable":true,"href":"https:\/\/favf.mx\/web\/wp-json\/wp\/v2\/comments?post=535"}],"version-history":[{"count":5,"href":"https:\/\/favf.mx\/web\/wp-json\/wp\/v2\/pages\/535\/revisions"}],"predecessor-version":[{"id":4356,"href":"https:\/\/favf.mx\/web\/wp-json\/wp\/v2\/pages\/535\/revisions\/4356"}],"wp:attachment":[{"href":"https:\/\/favf.mx\/web\/wp-json\/wp\/v2\/media?parent=535"}],"curies":[{"name":"wp","href":"https:\/\/api.w.org\/{rel}","templated":true}]}}