{"id":842,"date":"2025-11-06T19:34:23","date_gmt":"2025-11-06T19:34:23","guid":{"rendered":"https:\/\/favf.mx\/dgip\/?page_id=842"},"modified":"2025-11-21T18:56:59","modified_gmt":"2025-11-21T18:56:59","slug":"3era-generacion-2025-2027","status":"publish","type":"page","link":"https:\/\/favf.mx\/dgip\/3era-generacion-2025-2027\/","title":{"rendered":"3era. Generaci\u00f3n 2025-2027"},"content":{"rendered":"<p>[vc_row][vc_column width=\u00bb1\/4&#8243;][vc_column_text]<a href=\"http:\/\/favf.mx\/dgip\/wp-content\/uploads\/2025\/11\/Melchor-Octavio-Reyes-Maldonado.jpg\"><img loading=\"lazy\" decoding=\"async\" class=\"alignnone size-medium wp-image-878\" src=\"http:\/\/favf.mx\/dgip\/wp-content\/uploads\/2025\/11\/Melchor-Octavio-Reyes-Maldonado-222x300.jpg\" alt=\"\" width=\"222\" height=\"300\" srcset=\"https:\/\/favf.mx\/dgip\/wp-content\/uploads\/2025\/11\/Melchor-Octavio-Reyes-Maldonado-222x300.jpg 222w, https:\/\/favf.mx\/dgip\/wp-content\/uploads\/2025\/11\/Melchor-Octavio-Reyes-Maldonado-200x270.jpg 200w, https:\/\/favf.mx\/dgip\/wp-content\/uploads\/2025\/11\/Melchor-Octavio-Reyes-Maldonado.jpg 442w\" sizes=\"auto, (max-width: 222px) 100vw, 222px\" \/><\/a>[\/vc_column_text][\/vc_column][vc_column width=\u00bb3\/4&#8243;][vc_column_text]<strong>Ing. Melchor Octavio Reyes Maldonado<\/strong><\/p>\n<p><strong>T\u00edtulo de Tesis:<\/strong> Influencia de hormonas vegetales en la productividad de frijol com\u00fan (<em>Phaseolus vulgaris<\/em> L.).<\/p>\n<p>El frijol com\u00fan ha sido una fuente de alimento por sus distintas propiedades nutritivas durante largos a\u00f1os y tiene distintos usos en la gastronom\u00eda, tambi\u00e9n se sabe que durante los \u00faltimos largos a\u00f1os debido a diversos factores el cambio clim\u00e1tico ha afectado a distintos cultivos entre ellos el frijol por lo que unos de las problem\u00e1ticas es la disminuci\u00f3n del rendimiento y unas de las alternativas son el uso de hormonas vegetales. El uso de estas herramientas tendr\u00e1 un impacto positivo en su rendimiento.<\/p>\n<p><strong>Directora de Tesis:<\/strong> Dra. Jes\u00fas del Rosario Ruelas Islas[\/vc_column_text][\/vc_column][\/vc_row][vc_row][vc_column width=\u00bb1\/4&#8243;][vc_column_text]<a href=\"http:\/\/favf.mx\/dgip\/wp-content\/uploads\/2025\/11\/Jesus-Loredo-Delgado.jpg\"><img loading=\"lazy\" decoding=\"async\" class=\"alignnone size-medium wp-image-891\" src=\"http:\/\/favf.mx\/dgip\/wp-content\/uploads\/2025\/11\/Jesus-Loredo-Delgado-243x300.jpg\" alt=\"\" width=\"243\" height=\"300\" srcset=\"https:\/\/favf.mx\/dgip\/wp-content\/uploads\/2025\/11\/Jesus-Loredo-Delgado-243x300.jpg 243w, https:\/\/favf.mx\/dgip\/wp-content\/uploads\/2025\/11\/Jesus-Loredo-Delgado-219x270.jpg 219w, https:\/\/favf.mx\/dgip\/wp-content\/uploads\/2025\/11\/Jesus-Loredo-Delgado.jpg 429w\" sizes=\"auto, (max-width: 243px) 100vw, 243px\" \/><\/a>[\/vc_column_text][\/vc_column][vc_column width=\u00bb3\/4&#8243;][vc_column_text]<strong>Ing. Agron. Jes\u00fas Loredo Delgado<\/strong><\/p>\n<p><strong>\u00a0<\/strong><\/p>\n<p><strong>T\u00edtulo de Tesis:<\/strong> Patogenicidad de <em>Neocosmospora falciformis <\/em>y <em>Fusarium nygamai <\/em>en diferentes cultivos y malezas en el norte de Sinaloa.<\/p>\n<p>&nbsp;<\/p>\n<p>En el norte de Sinaloa existe variedad de cultivos de importancia agr\u00edcola, sin embargo, \u00e9stos se pueden ver afectados por pat\u00f3genos que afectan finalmente su rendimiento. En esta investigaci\u00f3n se evaluar\u00e1 la patogenicidad de <em>Neocosmospora falciformis <\/em>y <em>Fusarium nygamai <\/em>en los cultivos de ma\u00edz, frijol, pepino, tomate y chile y en malezas comunes presentes en el norte de Sinaloa, se evaluar\u00e1n par\u00e1metros como altura de planta, di\u00e1metro del tallo, volumen de ra\u00edz y patogenicidad de estos dos agentes infecciosos y corroborar con los postulados de Koch. Est\u00e1s cepas patog\u00e9nicas ser\u00e1n proporcionadas por el Dr. Ayala Armenta.<\/p>\n<p><em>\u00a0<\/em><\/p>\n<p><strong>Director de Tesis:<\/strong> Dr. Quint\u00edn Armando Ayala Armenta[\/vc_column_text][\/vc_column][\/vc_row][vc_row][vc_column width=\u00bb1\/4&#8243;][vc_column_text]<a href=\"http:\/\/favf.mx\/dgip\/wp-content\/uploads\/2025\/11\/Eduardo-Soto-Rodriguez.jpg\"><img loading=\"lazy\" decoding=\"async\" class=\"alignnone size-medium wp-image-892\" src=\"http:\/\/favf.mx\/dgip\/wp-content\/uploads\/2025\/11\/Eduardo-Soto-Rodriguez-214x300.jpg\" alt=\"\" width=\"214\" height=\"300\" srcset=\"https:\/\/favf.mx\/dgip\/wp-content\/uploads\/2025\/11\/Eduardo-Soto-Rodriguez-214x300.jpg 214w, https:\/\/favf.mx\/dgip\/wp-content\/uploads\/2025\/11\/Eduardo-Soto-Rodriguez-193x270.jpg 193w, https:\/\/favf.mx\/dgip\/wp-content\/uploads\/2025\/11\/Eduardo-Soto-Rodriguez.jpg 376w\" sizes=\"auto, (max-width: 214px) 100vw, 214px\" \/><\/a>[\/vc_column_text][\/vc_column][vc_column width=\u00bb3\/4&#8243;][vc_column_text]<strong>Ing. Biotec. Eduardo Soto Rodr\u00edguez<\/strong><\/p>\n<p><strong>\u00a0<\/strong><\/p>\n<p><strong>T\u00edtulo de Tesis:<\/strong> Fertilizaci\u00f3n org\u00e1nica en frijol azufrado (<em>Phaseolus vulgaris<\/em> L.) variedad Reyna.<\/p>\n<p>&nbsp;<\/p>\n<p>El proyecto eval\u00faa como la fertilizaci\u00f3n org\u00e1nica influye en el crecimiento, rendimiento y salud del suelo en el cultivo de frijol azufrado variedad Reyna, bajo distintas densidades de siembra. Busca determinar si estas pr\u00e1cticas mejoran la productividad y sostenibilidad frente al manejo convencional, considerando problemas regionales como baja materia org\u00e1nica, erosi\u00f3n y rendimientos inestables. Adem\u00e1s, analiza la interacci\u00f3n entre nutrici\u00f3n org\u00e1nica y densidad en par\u00e1metros productivos y fitosanitarios, proponiendo alternativas para fortalecer la agricultura en el norte de Sinaloa.<\/p>\n<p>&nbsp;<\/p>\n<p><strong>Director de Tesis:<\/strong> Dr. Cipriano Fuentes Verduzco[\/vc_column_text][\/vc_column][\/vc_row][vc_row][vc_column width=\u00bb1\/4&#8243;][vc_column_text]<a href=\"http:\/\/favf.mx\/dgip\/wp-content\/uploads\/2025\/11\/Gildardo-Antonio-Manzanarez-Murillo.jpg\"><img loading=\"lazy\" decoding=\"async\" class=\"alignnone size-medium wp-image-893\" src=\"http:\/\/favf.mx\/dgip\/wp-content\/uploads\/2025\/11\/Gildardo-Antonio-Manzanarez-Murillo-255x300.jpg\" alt=\"\" width=\"255\" height=\"300\" srcset=\"https:\/\/favf.mx\/dgip\/wp-content\/uploads\/2025\/11\/Gildardo-Antonio-Manzanarez-Murillo-255x300.jpg 255w, https:\/\/favf.mx\/dgip\/wp-content\/uploads\/2025\/11\/Gildardo-Antonio-Manzanarez-Murillo-230x270.jpg 230w, https:\/\/favf.mx\/dgip\/wp-content\/uploads\/2025\/11\/Gildardo-Antonio-Manzanarez-Murillo.jpg 401w\" sizes=\"auto, (max-width: 255px) 100vw, 255px\" \/><\/a>[\/vc_column_text][\/vc_column][vc_column width=\u00bb3\/4&#8243;][vc_column_text]<strong>Ing. Agron. Gildardo Antonio Manzanarez Murillo<\/strong><\/p>\n<p><strong>\u00a0<\/strong><\/p>\n<p><strong>T\u00edtulo de Tesis:<\/strong> Influencia de Rizobacterias en la reducci\u00f3n de fertilizaci\u00f3n N-P y respuesta agron\u00f3mica del cultivo de frijol com\u00fan (<em>Phaseolus vulgaris<\/em> L.).<\/p>\n<p>&nbsp;<\/p>\n<p>En este experimento se evaluar\u00e1 el rendimiento y el desarrollo fisiol\u00f3gico de dos variedades de frijol despu\u00e9s de ser inoculadas con diferentes grupos de rizobacterias. Es importante utilizar alternativas sustentables que garanticen minimizar poco a poco los efectos negativos de la agricultura convencional.<\/p>\n<p>&nbsp;<\/p>\n<p><strong>Director de Tesis:<\/strong> Dr. Cipriano Fuentes Verduzco[\/vc_column_text][\/vc_column][\/vc_row][vc_row][vc_column width=\u00bb1\/4&#8243;][vc_column_text]<a href=\"http:\/\/favf.mx\/dgip\/wp-content\/uploads\/2025\/11\/Ulises-Pineda-Armenta.jpg\"><img loading=\"lazy\" decoding=\"async\" class=\"alignnone size-medium wp-image-894\" src=\"http:\/\/favf.mx\/dgip\/wp-content\/uploads\/2025\/11\/Ulises-Pineda-Armenta-229x300.jpg\" alt=\"\" width=\"229\" height=\"300\" srcset=\"https:\/\/favf.mx\/dgip\/wp-content\/uploads\/2025\/11\/Ulises-Pineda-Armenta-229x300.jpg 229w, https:\/\/favf.mx\/dgip\/wp-content\/uploads\/2025\/11\/Ulises-Pineda-Armenta-206x270.jpg 206w, https:\/\/favf.mx\/dgip\/wp-content\/uploads\/2025\/11\/Ulises-Pineda-Armenta.jpg 370w\" sizes=\"auto, (max-width: 229px) 100vw, 229px\" \/><\/a>[\/vc_column_text][\/vc_column][vc_column width=\u00bb3\/4&#8243;][vc_column_text]<strong>Ing. Agron. Ulises Pineda Armenta<\/strong><\/p>\n<p><strong>T\u00edtulo de Tesis:<\/strong> Fertilizaci\u00f3n org\u00e1nica y sint\u00e9tica en la productividad de pepino (<em>Cucumis sativus<\/em> L.) en invernadero.<\/p>\n<p>La investigaci\u00f3n consta con la evaluaci\u00f3n de diferentes tratamientos en cuestiones de variables de crecimiento, rendimiento y calidad en el cultivo de pepino, dichos tratamientos constan de una dosis de fertilizaci\u00f3n sint\u00e9tica en porcentajes reducidos, en combinaci\u00f3n con biofertilizantes, \u00e1cidos h\u00famicos y f\u00falvicos, para as\u00ed poder concluir si es viable incluir este tipo de productos en una producci\u00f3n intensiva que derivara en una reducci\u00f3n de costos para el productor y menor impacto ambiental en el agroecosistema.<\/p>\n<p><strong>Directora de Tesis:<\/strong> Dra. Jes\u00fas del Rosario Ruelas Islas[\/vc_column_text][\/vc_column][\/vc_row][vc_row][vc_column width=\u00bb1\/4&#8243;][vc_column_text]<a href=\"http:\/\/favf.mx\/dgip\/wp-content\/uploads\/2025\/11\/Yubia-Daney-Bojorquez-Vega.jpg\"><img loading=\"lazy\" decoding=\"async\" class=\"alignnone size-medium wp-image-895\" src=\"http:\/\/favf.mx\/dgip\/wp-content\/uploads\/2025\/11\/Yubia-Daney-Bojorquez-Vega-225x300.jpg\" alt=\"\" width=\"225\" height=\"300\" srcset=\"https:\/\/favf.mx\/dgip\/wp-content\/uploads\/2025\/11\/Yubia-Daney-Bojorquez-Vega-225x300.jpg 225w, https:\/\/favf.mx\/dgip\/wp-content\/uploads\/2025\/11\/Yubia-Daney-Bojorquez-Vega-203x270.jpg 203w, https:\/\/favf.mx\/dgip\/wp-content\/uploads\/2025\/11\/Yubia-Daney-Bojorquez-Vega.jpg 376w\" sizes=\"auto, (max-width: 225px) 100vw, 225px\" \/><\/a>[\/vc_column_text][\/vc_column][vc_column width=\u00bb3\/4&#8243;][vc_column_text]<strong>Ing. Yubia Daney Boj\u00f3rquez Vega<\/strong><\/p>\n<p><strong>T\u00edtulo de Tesis:<\/strong> Caracterizaci\u00f3n de hongos causantes de la marchitez en girasol (<em>Helianthus annuus <\/em>L.) y su manejo biol\u00f3gico en el norte de Sinaloa<\/p>\n<p>El cultivo de girasol ha tenido un incremento en su superficie sembrada los \u00faltimos a\u00f1os debido a las sequ\u00edas de la regi\u00f3n, adem\u00e1s de los usos de su semilla y aceite, los cultivos de girasol atraen a miles de turistas en su etapa de floraci\u00f3n, generando un auge econ\u00f3mico local. El cultivo es afectado por hongos que provocan menor rendimiento, menor calidad y p\u00e9rdidas econ\u00f3micas, por lo que una alternativa sustentable para contrarrestar estas enfermedades es el control biol\u00f3gico.<\/p>\n<p><strong>Director de Tesis:<\/strong> Dr. Hugo Beltr\u00e1n Pe\u00f1a[\/vc_column_text][\/vc_column][\/vc_row]<\/p>\n","protected":false},"excerpt":{"rendered":"<p>[vc_row][vc_column width=\u00bb1\/4&#8243;][vc_column_text][\/vc_column_text][\/vc_column][vc_column width=\u00bb3\/4&#8243;][vc_column_text]Ing. Melchor Octavio Reyes Maldonado T\u00edtulo de Tesis: Influencia de hormonas vegetales en la productividad de frijol com\u00fan (Phaseolus vulgaris L.). El frijol com\u00fan ha sido una fuente de alimento por sus distintas propiedades nutritivas durante largos a\u00f1os&hellip;&nbsp;<a href=\"https:\/\/favf.mx\/dgip\/3era-generacion-2025-2027\/\" class=\"more-link\">Read More<\/a><\/p>\n","protected":false},"author":2,"featured_media":0,"parent":0,"menu_order":0,"comment_status":"closed","ping_status":"closed","template":"","meta":{"footnotes":""},"class_list":["post-842","page","type-page","status-publish","hentry"],"_links":{"self":[{"href":"https:\/\/favf.mx\/dgip\/wp-json\/wp\/v2\/pages\/842","targetHints":{"allow":["GET"]}}],"collection":[{"href":"https:\/\/favf.mx\/dgip\/wp-json\/wp\/v2\/pages"}],"about":[{"href":"https:\/\/favf.mx\/dgip\/wp-json\/wp\/v2\/types\/page"}],"author":[{"embeddable":true,"href":"https:\/\/favf.mx\/dgip\/wp-json\/wp\/v2\/users\/2"}],"replies":[{"embeddable":true,"href":"https:\/\/favf.mx\/dgip\/wp-json\/wp\/v2\/comments?post=842"}],"version-history":[{"count":4,"href":"https:\/\/favf.mx\/dgip\/wp-json\/wp\/v2\/pages\/842\/revisions"}],"predecessor-version":[{"id":896,"href":"https:\/\/favf.mx\/dgip\/wp-json\/wp\/v2\/pages\/842\/revisions\/896"}],"wp:attachment":[{"href":"https:\/\/favf.mx\/dgip\/wp-json\/wp\/v2\/media?parent=842"}],"curies":[{"name":"wp","href":"https:\/\/api.w.org\/{rel}","templated":true}]}}