{"id":795,"date":"2018-05-08T16:58:11","date_gmt":"2018-05-08T16:58:11","guid":{"rendered":"http:\/\/favf.mx\/web\/?page_id=795"},"modified":"2018-06-07T17:28:15","modified_gmt":"2018-06-07T17:28:15","slug":"opciones-de-titulacion","status":"publish","type":"page","link":"http:\/\/favf.mx\/web\/opciones-de-titulacion\/","title":{"rendered":"Opciones de Titulaci\u00f3n"},"content":{"rendered":"<p style=\"text-align: center;\"><strong>COMISION DE TITULACION DE LA FACULTAD DE AGRICULTURA DEL VALLE DEL FUERTE<\/strong><\/p>\n<p>&nbsp;<\/p>\n<p>En la Facultad de Agricultura del Valle del Fuerte se nombra la Comisi\u00f3n de Titulaci\u00f3n que atender\u00e1 todo lo relacionado con la aplicaci\u00f3n del instructivo de titulaci\u00f3n y reglamentaci\u00f3n que la Universidad Aut\u00f3noma de Sinaloa extiende para este prop\u00f3sito.<\/p>\n<p><strong>Plazos para poder titularse<\/strong><\/p>\n<p>El plazo m\u00e1ximo para poder realizar los tr\u00e1mites de titulaci\u00f3n son tres a\u00f1os despu\u00e9s de haber concluido sus estudios de licenciatura (nueva legislaci\u00f3n Universitaria, punto II).<\/p>\n<p>&nbsp;<\/p>\n<p style=\"text-align: center;\"><strong>OPCIONES DE TITULACION <\/strong><\/p>\n<p>&nbsp;<\/p>\n<p><strong>OPCION POR PROMEDIO<\/strong><\/p>\n<ul>\n<li>Podr\u00e1n optar por esta opci\u00f3n aquellos sustentantes que tengan un promedio de 9.0 o superior a este.<\/li>\n<\/ul>\n<p>&nbsp;<\/p>\n<p><strong>TITULACION POR ELABORACION DE MEMORIA DE SERVICIO SOCIAL CON RIGOR METODOLOGICO O TESINA.<\/strong><\/p>\n<ul>\n<li>Haber cubierto todos los creditos<\/li>\n<li>Presentaci\u00f3n del proyecto cubriendo todos los contextos solicitados por Servicio Social y la Comisi\u00f3n de Titulaci\u00f3n a manera de registro.<\/li>\n<li>Presentaci\u00f3n del protocolo con rigor metodol\u00f3gico la Comisi\u00f3n de Titulaci\u00f3n como un registro de aspirante a titulaci\u00f3n y esta extender\u00e1 una carta de aprobaci\u00f3n cuando el proyecto concluya.<\/li>\n<li>Presentar carta de liberaci\u00f3n del servicio social.<\/li>\n<\/ul>\n<p>&nbsp;<\/p>\n<p><strong>TITLUACION POR ELABORACION Y DEFENSA DE TESIS PRODUCTO DE SU PARTICIPACION EN PROYECTO DE INVESTIGACION.<\/strong><\/p>\n<ul>\n<li>Haber cubierto todos los cr\u00e9ditos<\/li>\n<\/ul>\n<p>&nbsp;<\/p>\n<p><strong>TITULACION POR EXAMEN DE INGLES O TOEFL POR EL CENTRO DE ESTUDIOS DE IDIOMAS DE LA UAS.<\/strong><\/p>\n<ul>\n<li>Haber cubierto todos los cr\u00e9ditos<\/li>\n<li>Aprobar el examen Toefl con un m\u00ednimo de 450 puntos<\/li>\n<li>Presentar la constancia ante la Comisi\u00f3n de Titulaci\u00f3n y ante control escolar quien atender\u00e1 el tr\u00e1mite de titulaci\u00f3n.<\/li>\n<\/ul>\n<p>&nbsp;<\/p>\n<p><strong>TITULACION POR EXAMEN GENERAL DE CONOCIMIENTO INTERNO O EXTERNO (CENEVAL)<\/strong><\/p>\n<ul>\n<li>Haber cubierto todos los cr\u00e9ditos<\/li>\n<li>El estudiante se somete a un interrogatorio p\u00fablico o privado con la finalidad de demostrar fehacientemente haber alcanzado los objetivos que plantea la carrera.<\/li>\n<li>La Comisi\u00f3n de Titulaci\u00f3n se encargar\u00e1 de proporcionar informaci\u00f3n respecto al ex\u00e1men.<\/li>\n<li>El ex\u00e1men versa respecto a temas b\u00e1sicos de la carrera cursada y la Comisi\u00f3n los selecciona.<\/li>\n<li>El examen ser\u00eda en forma oral o escrita a juicio de la Comisi\u00f3n y se notificar\u00e1 al alumno 20 d\u00edas h\u00e1biles antes de la fecha.<\/li>\n<li>El examen ser\u00e1 p\u00fablico o privado a la hora y d\u00eda que la Comisi\u00f3n se\u00f1ale.<\/li>\n<\/ul>\n<p>&nbsp;<\/p>\n<p><strong>TITULACI\u00d3N POR DIPLOMADO<\/strong><\/p>\n<ul>\n<li><strong>\u00a0<\/strong>Cubrir todos los cr\u00e9ditos<\/li>\n<li>Debe cubrir contenidos fuera del plan de estudios con el prop\u00f3sito de profundizar en el \u00e1rea del conocimiento.<\/li>\n<li>Cada sustentante debe informar su prop\u00f3sito y solicitar a la Comisi\u00f3n de Titulaci\u00f3n y obtener la autorizaci\u00f3n de \u00e9sta para iniciar el curso o diplomado.<\/li>\n<\/ul>\n<p>&nbsp;<\/p>\n<p><strong>TITULACI\u00d3N POR PR\u00c1CTICA PROFESIONAL<\/strong><\/p>\n<ul>\n<li>Cubrir todos los cr\u00e9ditos<\/li>\n<li>Demostrar tres a\u00f1os de experiencia laboral despu\u00e9s de concluidos sus estudios de Licenciatura en Ingenier\u00eda Agron\u00f3mica y en un \u00e1rea a fin a su carrera.<\/li>\n<\/ul>\n<p>&nbsp;<\/p>\n","protected":false},"excerpt":{"rendered":"<p>COMISION DE TITULACION DE LA FACULTAD DE AGRICULTURA DEL VALLE DEL FUERTE &nbsp; En la Facultad de Agricultura del Valle del Fuerte se nombra la Comisi\u00f3n de Titulaci\u00f3n que atender\u00e1 todo lo relacionado con la aplicaci\u00f3n del instructivo de titulaci\u00f3n&hellip;&nbsp;<a href=\"http:\/\/favf.mx\/web\/opciones-de-titulacion\/\" class=\"more-link\">Read More<\/a><\/p>\n","protected":false},"author":2,"featured_media":0,"parent":0,"menu_order":0,"comment_status":"closed","ping_status":"closed","template":"templates\/full-width.php","meta":{"_bbp_topic_count":0,"_bbp_reply_count":0,"_bbp_total_topic_count":0,"_bbp_total_reply_count":0,"_bbp_voice_count":0,"_bbp_anonymous_reply_count":0,"_bbp_topic_count_hidden":0,"_bbp_reply_count_hidden":0,"_bbp_forum_subforum_count":0,"footnotes":""},"class_list":["post-795","page","type-page","status-publish","hentry"],"_links":{"self":[{"href":"http:\/\/favf.mx\/web\/wp-json\/wp\/v2\/pages\/795","targetHints":{"allow":["GET"]}}],"collection":[{"href":"http:\/\/favf.mx\/web\/wp-json\/wp\/v2\/pages"}],"about":[{"href":"http:\/\/favf.mx\/web\/wp-json\/wp\/v2\/types\/page"}],"author":[{"embeddable":true,"href":"http:\/\/favf.mx\/web\/wp-json\/wp\/v2\/users\/2"}],"replies":[{"embeddable":true,"href":"http:\/\/favf.mx\/web\/wp-json\/wp\/v2\/comments?post=795"}],"version-history":[{"count":3,"href":"http:\/\/favf.mx\/web\/wp-json\/wp\/v2\/pages\/795\/revisions"}],"predecessor-version":[{"id":1271,"href":"http:\/\/favf.mx\/web\/wp-json\/wp\/v2\/pages\/795\/revisions\/1271"}],"wp:attachment":[{"href":"http:\/\/favf.mx\/web\/wp-json\/wp\/v2\/media?parent=795"}],"curies":[{"name":"wp","href":"https:\/\/api.w.org\/{rel}","templated":true}]}}