{"id":531,"date":"2018-04-25T16:06:42","date_gmt":"2018-04-25T16:06:42","guid":{"rendered":"http:\/\/favf.mx\/web\/?page_id=531"},"modified":"2025-04-29T16:43:15","modified_gmt":"2025-04-29T16:43:15","slug":"mision","status":"publish","type":"page","link":"http:\/\/favf.mx\/web\/mision\/","title":{"rendered":"Misi\u00f3n"},"content":{"rendered":"\n<p>Misi\u00f3n de la UAS, de la Facultad de Agricultura del Valle del Fuerte y de la Licenciatura en Ingenier\u00eda Agron\u00f3mica<\/p>\n\n\n<table width=\"866\">\n<tbody>\n<tr>\n<td colspan=\"3\" width=\"866\">MISI\u00d3N<\/td>\n<\/tr>\n<tr>\n<td width=\"289\"><em>Universidad Aut\u00f3noma de Sinaloa<\/em><\/td>\n<td width=\"289\"><em>Unidad Acad\u00e9mica<\/em>\n<p><em>Facultad de Agricultura del Valle del Fuerte<\/em><\/p>\n<\/td>\n<td width=\"289\"><em>Licenciatura en Ingenier\u00eda Agron\u00f3mica<\/em><\/td>\n<\/tr>\n<tr>\n<td width=\"289\">La Universidad, como instituci\u00f3n p\u00fablica y aut\u00f3noma de educaci\u00f3n media superior y superior, tiene como misi\u00f3n formar profesionales de calidad, con prestigio y reconocimiento social, comprometidos con la promoci\u00f3n de un desarrollo humano sustentable y capacitados para contribuir en la definici\u00f3n de pol\u00edticas y formulaci\u00f3n de estrategias para disminuir las desigualdades econ\u00f3micas, sociales y culturales del estado de Sinaloa, en el marco del fortalecimiento de la naci\u00f3n.<\/td>\n<td width=\"289\">Formar profesionales competentes en las ciencias agropecuarias, que contribuyan al desarrollo sustentable regional y global con alta calidad cient\u00edfica y t\u00e9cnica, con sentido cr\u00edtico, \u00e9tica en el servicio, respeto del ambiente, promoviendo siempre la vinculaci\u00f3n nacional e internacional, con pertinencia y sentido humanista.<\/td>\n<td width=\"289\">La Facultad de Agricultura del Valle del Fuerte, es un centro de estudios altamente formativo\u00a0\u00a0\u00a0\u00a0\u00a0\u00a0\u00a0 que\u00a0\u00a0\u00a0\u00a0\u00a0 oferta programas acreditados de Licenciatura y Posgrado en Ciencias Agropecuarias y Producci\u00f3n Agr\u00edcola Sustentable, dedicada y comprometidamente a la formaci\u00f3n de profesionistas e investigadores capacitados para el servicio hacia el sector agropecuario, con una alta calidad cient\u00edfica y t\u00e9cnica, con un compromiso social y sentido cr\u00edtico, respeto del ambiente,\u00a0\u00a0\u00a0\u00a0\u00a0\u00a0 ofreciendo servicios de asesor\u00edas t\u00e9cnicas especializadas, contribuyendo con el desarrollo sustentable de la sociedad, a trav\u00e9s\u00a0 de personal altamente capacitado.<\/td>\n<\/tr>\n<\/tbody>\n<\/table>\n\n\n<p><\/p>\n","protected":false},"excerpt":{"rendered":"<p>Misi\u00f3n de la UAS, de la Facultad de Agricultura del Valle del Fuerte y de la Licenciatura en Ingenier\u00eda Agron\u00f3mica MISI\u00d3N Universidad Aut\u00f3noma de Sinaloa Unidad Acad\u00e9mica Facultad de Agricultura del Valle del Fuerte Licenciatura en Ingenier\u00eda Agron\u00f3mica La Universidad,&hellip;&nbsp;<a href=\"http:\/\/favf.mx\/web\/mision\/\" class=\"more-link\">Read More<\/a><\/p>\n","protected":false},"author":2,"featured_media":0,"parent":0,"menu_order":0,"comment_status":"closed","ping_status":"closed","template":"templates\/full-width.php","meta":{"_bbp_topic_count":0,"_bbp_reply_count":0,"_bbp_total_topic_count":0,"_bbp_total_reply_count":0,"_bbp_voice_count":0,"_bbp_anonymous_reply_count":0,"_bbp_topic_count_hidden":0,"_bbp_reply_count_hidden":0,"_bbp_forum_subforum_count":0,"footnotes":""},"class_list":["post-531","page","type-page","status-publish","hentry"],"_links":{"self":[{"href":"http:\/\/favf.mx\/web\/wp-json\/wp\/v2\/pages\/531","targetHints":{"allow":["GET"]}}],"collection":[{"href":"http:\/\/favf.mx\/web\/wp-json\/wp\/v2\/pages"}],"about":[{"href":"http:\/\/favf.mx\/web\/wp-json\/wp\/v2\/types\/page"}],"author":[{"embeddable":true,"href":"http:\/\/favf.mx\/web\/wp-json\/wp\/v2\/users\/2"}],"replies":[{"embeddable":true,"href":"http:\/\/favf.mx\/web\/wp-json\/wp\/v2\/comments?post=531"}],"version-history":[{"count":8,"href":"http:\/\/favf.mx\/web\/wp-json\/wp\/v2\/pages\/531\/revisions"}],"predecessor-version":[{"id":4358,"href":"http:\/\/favf.mx\/web\/wp-json\/wp\/v2\/pages\/531\/revisions\/4358"}],"wp:attachment":[{"href":"http:\/\/favf.mx\/web\/wp-json\/wp\/v2\/media?parent=531"}],"curies":[{"name":"wp","href":"https:\/\/api.w.org\/{rel}","templated":true}]}}