{"id":4693,"date":"2026-05-01T22:12:48","date_gmt":"2026-05-01T22:12:48","guid":{"rendered":"https:\/\/favf.mx\/web\/?page_id=4693"},"modified":"2026-05-01T22:34:11","modified_gmt":"2026-05-01T22:34:11","slug":"convocatoria-maestria-en-produccion-agricola-sustentable","status":"publish","type":"page","link":"http:\/\/favf.mx\/web\/convocatoria-maestria-en-produccion-agricola-sustentable\/","title":{"rendered":"Convocatoria Maestr\u00eda en Producci\u00f3n Agr\u00edcola Sustentable"},"content":{"rendered":"<div class=\"wp-block-image\">\n<figure class=\"aligncenter size-large\"><a href=\"http:\/\/favf.mx\/web\/wp-content\/uploads\/2026\/05\/Maestria-en-Produccion-Agricola-Sustentable.jpg\"><img loading=\"lazy\" decoding=\"async\" width=\"1024\" height=\"663\" src=\"http:\/\/favf.mx\/web\/wp-content\/uploads\/2026\/05\/Maestria-en-Produccion-Agricola-Sustentable-1024x663.jpg\" alt=\"\" class=\"wp-image-4694\" srcset=\"http:\/\/favf.mx\/web\/wp-content\/uploads\/2026\/05\/Maestria-en-Produccion-Agricola-Sustentable-1024x663.jpg 1024w, http:\/\/favf.mx\/web\/wp-content\/uploads\/2026\/05\/Maestria-en-Produccion-Agricola-Sustentable-300x194.jpg 300w, http:\/\/favf.mx\/web\/wp-content\/uploads\/2026\/05\/Maestria-en-Produccion-Agricola-Sustentable-768x497.jpg 768w, http:\/\/favf.mx\/web\/wp-content\/uploads\/2026\/05\/Maestria-en-Produccion-Agricola-Sustentable-360x233.jpg 360w, http:\/\/favf.mx\/web\/wp-content\/uploads\/2026\/05\/Maestria-en-Produccion-Agricola-Sustentable.jpg 1356w\" sizes=\"auto, (max-width: 1024px) 100vw, 1024px\" \/><\/a><\/figure>\n<\/div>\n\n\n<div class=\"wp-block-file\"><a id=\"wp-block-file--media-edb63f07-cdab-44bc-866d-d83a95869c16\" href=\"https:\/\/favf.mx\/web\/wp-content\/uploads\/2026\/05\/Maestria-en-Produccion-Agricola-Sustentable-1.jpg\">Maestr\u00eda en Producci\u00f3n Agr\u00edcola Sustentable<\/a><a href=\"https:\/\/favf.mx\/web\/wp-content\/uploads\/2026\/05\/Maestria-en-Produccion-Agricola-Sustentable-1.jpg\" class=\"wp-block-file__button wp-element-button\" download aria-describedby=\"wp-block-file--media-edb63f07-cdab-44bc-866d-d83a95869c16\">Descarga<\/a><\/div>\n","protected":false},"excerpt":{"rendered":"Maestr\u00eda en Producci\u00f3n Agr\u00edcola SustentableDescarga","protected":false},"author":2,"featured_media":4698,"parent":0,"menu_order":0,"comment_status":"closed","ping_status":"closed","template":"","meta":{"_bbp_topic_count":0,"_bbp_reply_count":0,"_bbp_total_topic_count":0,"_bbp_total_reply_count":0,"_bbp_voice_count":0,"_bbp_anonymous_reply_count":0,"_bbp_topic_count_hidden":0,"_bbp_reply_count_hidden":0,"_bbp_forum_subforum_count":0,"footnotes":""},"class_list":["post-4693","page","type-page","status-publish","has-post-thumbnail","hentry"],"_links":{"self":[{"href":"http:\/\/favf.mx\/web\/wp-json\/wp\/v2\/pages\/4693","targetHints":{"allow":["GET"]}}],"collection":[{"href":"http:\/\/favf.mx\/web\/wp-json\/wp\/v2\/pages"}],"about":[{"href":"http:\/\/favf.mx\/web\/wp-json\/wp\/v2\/types\/page"}],"author":[{"embeddable":true,"href":"http:\/\/favf.mx\/web\/wp-json\/wp\/v2\/users\/2"}],"replies":[{"embeddable":true,"href":"http:\/\/favf.mx\/web\/wp-json\/wp\/v2\/comments?post=4693"}],"version-history":[{"count":5,"href":"http:\/\/favf.mx\/web\/wp-json\/wp\/v2\/pages\/4693\/revisions"}],"predecessor-version":[{"id":4705,"href":"http:\/\/favf.mx\/web\/wp-json\/wp\/v2\/pages\/4693\/revisions\/4705"}],"wp:featuredmedia":[{"embeddable":true,"href":"http:\/\/favf.mx\/web\/wp-json\/wp\/v2\/media\/4698"}],"wp:attachment":[{"href":"http:\/\/favf.mx\/web\/wp-json\/wp\/v2\/media?parent=4693"}],"curies":[{"name":"wp","href":"https:\/\/api.w.org\/{rel}","templated":true}]}}