{"id":4525,"date":"2025-05-27T15:15:38","date_gmt":"2025-05-27T15:15:38","guid":{"rendered":"http:\/\/favf.mx\/web\/?page_id=4525"},"modified":"2025-05-27T15:19:36","modified_gmt":"2025-05-27T15:19:36","slug":"movilidad-para-alumno-visitante","status":"publish","type":"page","link":"http:\/\/favf.mx\/web\/movilidad-para-alumno-visitante\/","title":{"rendered":"Movilidad para alumno visitante"},"content":{"rendered":"\n<h2 class=\"wp-block-heading\">\u00bfEres alumno de licenciatura de otra universidad en M\u00e9xico o en el extranjero y quieres vivir la experiencia de estudiar en la UAS como estudiante de intercambio?<br>\u00a1Revisa nuestra convocatoria!<\/h2>\n\n\n\n<p>Los requisitos que deben cumplir los estudiantes visitantes para participar en actividades acad\u00e9micas en la UAS ser\u00e1n los que se establezcan en la convocatoria publicada en nuestros canales oficiales, as\u00ed como los que se\u00f1alen sus universidades de origen.<\/p>\n\n\n\n<p>Enviar la documentaci\u00f3n v\u00eda electr\u00f3nica en un solo archivo PDF al correo movilidadestudiantil@uas.edu.mx<\/p>\n\n\n<div class=\"wp-block-image\">\n<figure class=\"aligncenter size-full\"><a href=\"http:\/\/favf.mx\/web\/wp-content\/uploads\/2025\/05\/movilidad-visitante-2025-2.jpg\"><img loading=\"lazy\" decoding=\"async\" width=\"595\" height=\"594\" src=\"http:\/\/favf.mx\/web\/wp-content\/uploads\/2025\/05\/movilidad-visitante-2025-2.jpg\" alt=\"\" class=\"wp-image-4526\" srcset=\"http:\/\/favf.mx\/web\/wp-content\/uploads\/2025\/05\/movilidad-visitante-2025-2.jpg 595w, http:\/\/favf.mx\/web\/wp-content\/uploads\/2025\/05\/movilidad-visitante-2025-2-300x300.jpg 300w, http:\/\/favf.mx\/web\/wp-content\/uploads\/2025\/05\/movilidad-visitante-2025-2-150x150.jpg 150w, http:\/\/favf.mx\/web\/wp-content\/uploads\/2025\/05\/movilidad-visitante-2025-2-270x270.jpg 270w\" sizes=\"auto, (max-width: 595px) 100vw, 595px\" \/><\/a><\/figure>\n<\/div>\n\n\n<hr class=\"wp-block-separator has-alpha-channel-opacity\"\/>\n\n\n\n<div class=\"wp-block-file\"><a id=\"wp-block-file--media-156cecb2-9c3c-47f3-bfa2-f05482db1606\" href=\"http:\/\/favf.mx\/web\/wp-content\/uploads\/2025\/05\/Solicitud-de-Alumnos-Visitantes-Nacional.docx\">Solicitud de Alumnos Visitantes Nacional<\/a><a href=\"http:\/\/favf.mx\/web\/wp-content\/uploads\/2025\/05\/Solicitud-de-Alumnos-Visitantes-Nacional.docx\" class=\"wp-block-file__button wp-element-button\" download aria-describedby=\"wp-block-file--media-156cecb2-9c3c-47f3-bfa2-f05482db1606\">Descarga<\/a><\/div>\n\n\n\n<div class=\"wp-block-file\"><a id=\"wp-block-file--media-a78bc13e-8ed1-4242-9f43-5d1cec6a7977\" href=\"http:\/\/favf.mx\/web\/wp-content\/uploads\/2025\/05\/Solicitud-de-Alumnos-Visitantes-Internacional.docx\">Solicitud de Alumnos Visitantes Internacional<\/a><a href=\"http:\/\/favf.mx\/web\/wp-content\/uploads\/2025\/05\/Solicitud-de-Alumnos-Visitantes-Internacional.docx\" class=\"wp-block-file__button wp-element-button\" download aria-describedby=\"wp-block-file--media-a78bc13e-8ed1-4242-9f43-5d1cec6a7977\">Descarga<\/a><\/div>\n\n\n\n<div class=\"wp-block-file\"><a id=\"wp-block-file--media-1e172921-e75b-4cba-a11f-bb16b9a5dc5a\" href=\"http:\/\/favf.mx\/web\/wp-content\/uploads\/2025\/05\/Formulario-Itinerario-de-Movilidad-Visitantes.docx\">Formulario &#8211; Itinerario de Movilidad Visitantes<\/a><a href=\"http:\/\/favf.mx\/web\/wp-content\/uploads\/2025\/05\/Formulario-Itinerario-de-Movilidad-Visitantes.docx\" class=\"wp-block-file__button wp-element-button\" download aria-describedby=\"wp-block-file--media-1e172921-e75b-4cba-a11f-bb16b9a5dc5a\">Descarga<\/a><\/div>\n\n\n\n<p><\/p>\n","protected":false},"excerpt":{"rendered":"<p>\u00bfEres alumno de licenciatura de otra universidad en M\u00e9xico o en el extranjero y quieres vivir la experiencia de estudiar en la UAS como estudiante de intercambio?\u00a1Revisa nuestra convocatoria! Los requisitos que deben cumplir los estudiantes visitantes para participar en&hellip;&nbsp;<a href=\"http:\/\/favf.mx\/web\/movilidad-para-alumno-visitante\/\" class=\"more-link\">Read More<\/a><\/p>\n","protected":false},"author":2,"featured_media":0,"parent":0,"menu_order":0,"comment_status":"closed","ping_status":"closed","template":"","meta":{"_bbp_topic_count":0,"_bbp_reply_count":0,"_bbp_total_topic_count":0,"_bbp_total_reply_count":0,"_bbp_voice_count":0,"_bbp_anonymous_reply_count":0,"_bbp_topic_count_hidden":0,"_bbp_reply_count_hidden":0,"_bbp_forum_subforum_count":0,"footnotes":""},"class_list":["post-4525","page","type-page","status-publish","hentry"],"_links":{"self":[{"href":"http:\/\/favf.mx\/web\/wp-json\/wp\/v2\/pages\/4525","targetHints":{"allow":["GET"]}}],"collection":[{"href":"http:\/\/favf.mx\/web\/wp-json\/wp\/v2\/pages"}],"about":[{"href":"http:\/\/favf.mx\/web\/wp-json\/wp\/v2\/types\/page"}],"author":[{"embeddable":true,"href":"http:\/\/favf.mx\/web\/wp-json\/wp\/v2\/users\/2"}],"replies":[{"embeddable":true,"href":"http:\/\/favf.mx\/web\/wp-json\/wp\/v2\/comments?post=4525"}],"version-history":[{"count":3,"href":"http:\/\/favf.mx\/web\/wp-json\/wp\/v2\/pages\/4525\/revisions"}],"predecessor-version":[{"id":4534,"href":"http:\/\/favf.mx\/web\/wp-json\/wp\/v2\/pages\/4525\/revisions\/4534"}],"wp:attachment":[{"href":"http:\/\/favf.mx\/web\/wp-json\/wp\/v2\/media?parent=4525"}],"curies":[{"name":"wp","href":"https:\/\/api.w.org\/{rel}","templated":true}]}}