{"id":4507,"date":"2025-05-26T18:35:11","date_gmt":"2025-05-26T18:35:11","guid":{"rendered":"http:\/\/favf.mx\/web\/?page_id=4507"},"modified":"2026-02-12T19:56:19","modified_gmt":"2026-02-12T19:56:19","slug":"verano-delfin","status":"publish","type":"page","link":"http:\/\/favf.mx\/web\/verano-delfin\/","title":{"rendered":"Verano Delf\u00edn"},"content":{"rendered":"\n<p>El Programa Delf\u00edn, se cre\u00f3 en 1995 con el objetivo fortalecer la cultura de colaboraci\u00f3n entre las Instituciones de Educaci\u00f3n Superior y Centros de Investigaci\u00f3n integrantes del Programa, a trav\u00e9s de la movilidad de profesores-investigadores, estudiantes y de la divulgaci\u00f3n de productos cient\u00edficos y tecnol\u00f3gicos. En lo particular para fortalecer el desarrollo de la investigaci\u00f3n y el posgrado nacional.<\/p>\n\n\n\n<p>El Programa Delf\u00edn es una organizaci\u00f3n que se gu\u00eda por un criterio participativo para que confluyan ideas y aportaciones en beneficio de la integraci\u00f3n y realizaci\u00f3n de sus subprogramas.<\/p>\n\n\n\n<p><strong>Objetivo General<\/strong><\/p>\n\n\n\n<p>Fortalecer la cultura de colaboraci\u00f3n entre las Instituciones de Educaci\u00f3n Superior y Centros de Investigaci\u00f3n integrantes del Programa.<\/p>\n\n\n\n<p><strong>Objetivos Espec\u00edficos<\/strong><\/p>\n\n\n\n<p>Contribuir a la creaci\u00f3n de una cultura cient\u00edfico-tecnol\u00f3gica por medio de actividades de divulgaci\u00f3n para el conocimiento, aprovechamiento y valoraci\u00f3n de las tareas de investigaci\u00f3n y posgrado que realizan las IES del Pac\u00edfico.<\/p>\n\n\n\n<p>Mediante la vinculaci\u00f3n de estudiantes destacados con investigadores de los posgrados de las IES participantes, se contribuir\u00e1 a la formaci\u00f3n de cuadros acad\u00e9micos de alto nivel y con ello consolidar la investigaci\u00f3n y el fortalecimiento de los programas de posgrado de las Instituciones del Pac\u00edfico.<\/p>\n\n\n\n<p>Fortalecer a trav\u00e9s de la divulgaci\u00f3n mediante estancias de profesores y\/o investigadores, realizando cursos, talleres, conferencias y otras actividades con valor curricular.<\/p>\n\n\n\n<p>Crear un sistema editorial que d\u00e9 a conocer el producto cient\u00edfico-tecnol\u00f3gico-acad\u00e9mico de las IES del Programa Delf\u00edn y con ello fortalecer el posgrado y la investigaci\u00f3n.<\/p>\n\n\n\n<h5 class=\"wp-block-heading has-text-align-center has-black-color has-text-color has-link-color has-large-font-size wp-elements-4517ec35ff6fa7818729a1a5ac13db1d\"><strong>CONVOCATORIA<\/strong> 2026<\/h5>\n\n\n\n<hr class=\"wp-block-separator has-alpha-channel-opacity\"\/>\n\n\n\n<div data-wp-interactive=\"core\/file\" class=\"wp-block-file\"><object data-wp-bind--hidden=\"!state.hasPdfPreview\" hidden class=\"wp-block-file__embed\" data=\"https:\/\/favf.mx\/web\/wp-content\/uploads\/2026\/02\/convocatoria-delfin-2026.pdf\" type=\"application\/pdf\" style=\"width:100%;height:600px\" aria-label=\"Incrustado de convocatoria-delfin-2026.\"><\/object><a id=\"wp-block-file--media-85e07f17-403b-4be4-a0c4-c99a51479f2d\" href=\"https:\/\/favf.mx\/web\/wp-content\/uploads\/2026\/02\/convocatoria-delfin-2026.pdf\">convocatoria-delfin-2026<\/a><a href=\"https:\/\/favf.mx\/web\/wp-content\/uploads\/2026\/02\/convocatoria-delfin-2026.pdf\" class=\"wp-block-file__button wp-element-button\" download aria-describedby=\"wp-block-file--media-85e07f17-403b-4be4-a0c4-c99a51479f2d\">Descarga<\/a><\/div>\n","protected":false},"excerpt":{"rendered":"<p>El Programa Delf\u00edn, se cre\u00f3 en 1995 con el objetivo fortalecer la cultura de colaboraci\u00f3n entre las Instituciones de Educaci\u00f3n Superior y Centros de Investigaci\u00f3n integrantes del Programa, a trav\u00e9s de la movilidad de profesores-investigadores, estudiantes y de la divulgaci\u00f3n&hellip;&nbsp;<a href=\"http:\/\/favf.mx\/web\/verano-delfin\/\" class=\"more-link\">Read More<\/a><\/p>\n","protected":false},"author":2,"featured_media":0,"parent":0,"menu_order":0,"comment_status":"closed","ping_status":"closed","template":"","meta":{"_bbp_topic_count":0,"_bbp_reply_count":0,"_bbp_total_topic_count":0,"_bbp_total_reply_count":0,"_bbp_voice_count":0,"_bbp_anonymous_reply_count":0,"_bbp_topic_count_hidden":0,"_bbp_reply_count_hidden":0,"_bbp_forum_subforum_count":0,"footnotes":""},"class_list":["post-4507","page","type-page","status-publish","hentry"],"_links":{"self":[{"href":"http:\/\/favf.mx\/web\/wp-json\/wp\/v2\/pages\/4507","targetHints":{"allow":["GET"]}}],"collection":[{"href":"http:\/\/favf.mx\/web\/wp-json\/wp\/v2\/pages"}],"about":[{"href":"http:\/\/favf.mx\/web\/wp-json\/wp\/v2\/types\/page"}],"author":[{"embeddable":true,"href":"http:\/\/favf.mx\/web\/wp-json\/wp\/v2\/users\/2"}],"replies":[{"embeddable":true,"href":"http:\/\/favf.mx\/web\/wp-json\/wp\/v2\/comments?post=4507"}],"version-history":[{"count":4,"href":"http:\/\/favf.mx\/web\/wp-json\/wp\/v2\/pages\/4507\/revisions"}],"predecessor-version":[{"id":4639,"href":"http:\/\/favf.mx\/web\/wp-json\/wp\/v2\/pages\/4507\/revisions\/4639"}],"wp:attachment":[{"href":"http:\/\/favf.mx\/web\/wp-json\/wp\/v2\/media?parent=4507"}],"curies":[{"name":"wp","href":"https:\/\/api.w.org\/{rel}","templated":true}]}}