{"id":4415,"date":"2025-04-29T18:17:55","date_gmt":"2025-04-29T18:17:55","guid":{"rendered":"http:\/\/favf.mx\/web\/?page_id=4415"},"modified":"2025-04-29T18:24:59","modified_gmt":"2025-04-29T18:24:59","slug":"perfil-de-ingreso-y-egreso-agrobiotecnologia","status":"publish","type":"page","link":"http:\/\/favf.mx\/web\/perfil-de-ingreso-y-egreso-agrobiotecnologia\/","title":{"rendered":"Perfil de ingreso y egreso"},"content":{"rendered":"\n<p class=\"has-black-color has-text-color has-link-color has-medium-font-size wp-elements-a8b740766185729d8fb16b42756c753f\">Perfil de ingreso y egreso de Licenciatura en Ingenier\u00eda Agrobiotecnolog\u00eda&nbsp;<strong><\/strong><\/p>\n\n\n\n<p class=\"has-black-color has-text-color has-link-color has-medium-font-size wp-elements-2aceeb288c812a6045e49d4acf1ca055\"><strong><em>Perfil de ingreso<\/em><\/strong><strong><\/strong><\/p>\n\n\n\n<p class=\"has-black-color has-text-color has-link-color has-medium-font-size wp-elements-85828f742b1bc0ebeab7bb8fb9399e33\">El aspirante a esta carrera debe contar con:<\/p>\n\n\n\n<p class=\"has-black-color has-text-color has-link-color has-medium-font-size wp-elements-30fa5da29bb4c69566786420023b760a\"><em>Intereses en<\/em>:&nbsp;&nbsp;<\/p>\n\n\n\n<ul class=\"wp-block-list\">\n<li class=\"has-black-color has-text-color has-link-color wp-elements-96aba073f90d5eb30ad619497f9bb347\">Vocaci\u00f3n por la agronom\u00eda y la biotecnolog\u00eda&nbsp;<\/li>\n\n\n\n<li class=\"has-black-color has-text-color has-link-color wp-elements-6f167d4b69a8f406ec61c99d617a8a39\">Conocer y respetar la naturaleza<\/li>\n\n\n\n<li class=\"has-black-color has-text-color has-link-color wp-elements-d025c1a7c263a098bfd8de007c225660\">El deporte y la vida saludable.<\/li>\n<\/ul>\n\n\n\n<p class=\"has-black-color has-text-color has-link-color wp-elements-98b62955dd62fee1ad7467691cd36b9f\"><em>Aptitudes en<\/em>:&nbsp;<\/p>\n\n\n\n<ul class=\"wp-block-list\">\n<li class=\"has-black-color has-text-color has-link-color wp-elements-8ee596b67645b340d0bc12f6d7087db0\">El trabajo en equipo.<\/li>\n\n\n\n<li class=\"has-black-color has-text-color has-link-color wp-elements-b1ddaa332824aec17698ab4b59c08a7a\">Tener iniciativa, creatividad y capacidad cr\u00edtica.<\/li>\n\n\n\n<li class=\"has-black-color has-text-color has-link-color wp-elements-aaf44395e24b72c0dddcc0e8ef81fb69\">Poseer conocimientos b\u00e1sicos de ingl\u00e9s e inform\u00e1tica.&nbsp;<\/li>\n\n\n\n<li class=\"has-black-color has-text-color has-link-color wp-elements-76826a88595c9e016ee914c745d2fc43\">Poseer habilidades para la lectura<\/li>\n\n\n\n<li class=\"has-black-color has-text-color has-link-color wp-elements-e977101c7e9753ac908d14df3e5b92dd\">An\u00e1lisis y redacci\u00f3n de documentos;&nbsp;<\/li>\n\n\n\n<li class=\"has-black-color has-text-color has-link-color wp-elements-0a100ba2e732afcb381ea819d6d1faf5\">Saber comunicarse correctamente en forma oral y escrita<\/li>\n<\/ul>\n\n\n\n<p class=\"has-black-color has-text-color has-link-color wp-elements-4f7be2714001795c405254073109fec5\"><em>Actitudes en<\/em>:<\/p>\n\n\n\n<ul class=\"wp-block-list\">\n<li class=\"has-black-color has-text-color has-link-color wp-elements-c4861411a609ca2d803e73edbe3e213e\">Tener sentido de disciplina y responsabilidad&nbsp;<\/li>\n\n\n\n<li class=\"has-black-color has-text-color has-link-color wp-elements-996212a3b622702e9f375b392a96be75\">Valores \u00e9ticos y profesionales&nbsp;<\/li>\n<\/ul>\n\n\n\n<p class=\"has-black-color has-text-color has-link-color wp-elements-7da79d552220dce357415db50a5fa2a1\"><strong><em>Perfil de egreso<\/em><\/strong><strong><\/strong><\/p>\n\n\n\n<p class=\"has-black-color has-text-color has-link-color wp-elements-bd2ea8d7d5bb4b96991343f07a8c67f6\">El Ingeniero Agrobiotecn\u00f3logo egresado ser\u00e1 un profesional competente con conocimientos t\u00e9cnicos y cient\u00edficos que aporten en la prevenci\u00f3n, detecci\u00f3n y soluci\u00f3n de problemas fitosanitarios que garanticen la obtenci\u00f3n de productos agr\u00edcolas de calidad bajo un enfoque de sustentabilidad de los recursos y bienestar social, capaz de trasmitir conocimientos de acuerdo con las necesidades del sector agroalimentario con car\u00e1cter humanista, emprendedor, din\u00e1mico, cr\u00edtico, \u00e9tico, proactivo y creativo en el trabajo de equipo.&nbsp;<\/p>\n","protected":false},"excerpt":{"rendered":"<p>Perfil de ingreso y egreso de Licenciatura en Ingenier\u00eda Agrobiotecnolog\u00eda&nbsp; Perfil de ingreso El aspirante a esta carrera debe contar con: Intereses en:&nbsp;&nbsp; Aptitudes en:&nbsp; Actitudes en: Perfil de egreso El Ingeniero Agrobiotecn\u00f3logo egresado ser\u00e1 un profesional competente con conocimientos&hellip;&nbsp;<a href=\"http:\/\/favf.mx\/web\/perfil-de-ingreso-y-egreso-agrobiotecnologia\/\" class=\"more-link\">Read More<\/a><\/p>\n","protected":false},"author":2,"featured_media":0,"parent":0,"menu_order":0,"comment_status":"closed","ping_status":"closed","template":"","meta":{"_bbp_topic_count":0,"_bbp_reply_count":0,"_bbp_total_topic_count":0,"_bbp_total_reply_count":0,"_bbp_voice_count":0,"_bbp_anonymous_reply_count":0,"_bbp_topic_count_hidden":0,"_bbp_reply_count_hidden":0,"_bbp_forum_subforum_count":0,"footnotes":""},"class_list":["post-4415","page","type-page","status-publish","hentry"],"_links":{"self":[{"href":"http:\/\/favf.mx\/web\/wp-json\/wp\/v2\/pages\/4415","targetHints":{"allow":["GET"]}}],"collection":[{"href":"http:\/\/favf.mx\/web\/wp-json\/wp\/v2\/pages"}],"about":[{"href":"http:\/\/favf.mx\/web\/wp-json\/wp\/v2\/types\/page"}],"author":[{"embeddable":true,"href":"http:\/\/favf.mx\/web\/wp-json\/wp\/v2\/users\/2"}],"replies":[{"embeddable":true,"href":"http:\/\/favf.mx\/web\/wp-json\/wp\/v2\/comments?post=4415"}],"version-history":[{"count":4,"href":"http:\/\/favf.mx\/web\/wp-json\/wp\/v2\/pages\/4415\/revisions"}],"predecessor-version":[{"id":4422,"href":"http:\/\/favf.mx\/web\/wp-json\/wp\/v2\/pages\/4415\/revisions\/4422"}],"wp:attachment":[{"href":"http:\/\/favf.mx\/web\/wp-json\/wp\/v2\/media?parent=4415"}],"curies":[{"name":"wp","href":"https:\/\/api.w.org\/{rel}","templated":true}]}}