{"id":4413,"date":"2025-04-29T18:16:09","date_gmt":"2025-04-29T18:16:09","guid":{"rendered":"http:\/\/favf.mx\/web\/?page_id=4413"},"modified":"2025-04-29T18:16:10","modified_gmt":"2025-04-29T18:16:10","slug":"propositos-generales-y-especificos-agrobiotecnologia","status":"publish","type":"page","link":"http:\/\/favf.mx\/web\/propositos-generales-y-especificos-agrobiotecnologia\/","title":{"rendered":"Prop\u00f3sitos generales y espec\u00edficos"},"content":{"rendered":"\n<p>Prop\u00f3sitos generales y espec\u00edficos de la Licenciatura en Ingenier\u00eda en Agrobiotecnolog\u00eda&nbsp;<strong><\/strong><\/p>\n\n\n\n<figure class=\"wp-block-table\"><table class=\"has-fixed-layout\"><tbody><tr><td><em>Eje curricular:<\/em><\/td><td><em>Prop\u00f3sito general:&nbsp;<\/em><\/td><\/tr><tr><td>B\u00e1sico disciplinar&nbsp;<\/td><td>Desarrollar la formaci\u00f3n elemental y general de car\u00e1cter multidisciplinario, con el prop\u00f3sito de ofrecer bases contextuales, metodol\u00f3gicas e instrumentales b\u00e1sicos de un \u00e1rea de dominio cient\u00edfico, fundamentales en la compresi\u00f3n del origen y la ubicaci\u00f3n disciplinaria del Ingeniero Agrobiotecn\u00f3logo.<\/td><\/tr><tr><td>Investigaci\u00f3n y emprendimiento<\/td><td>Impulsar la generaci\u00f3n de ideas ante situaciones distintas, con alto sentido de pertinencia; esforzarse por lograr metas, desarrollando estrategias que lo impulsen en su formaci\u00f3n integral y su capacidad de entendimiento del entorno como Ingeniero Agrobiotecn\u00f3logo, con el inter\u00e9s de mejorar la calidad de vida y el desarrollo socioecon\u00f3mico regional, nacional o internacional, con el objetivo de procurar alimentaci\u00f3n, protecci\u00f3n, riqueza y bienestar social.<\/td><\/tr><tr><td>Profesionalizante<\/td><td>Con base en sus conocimientos y habilidades, busca impulsar la producci\u00f3n agr\u00edcola-pecuaria en torno a los c\u00e1nones internacionales de producci\u00f3n selectiva en forma masiva, desarrollada desde el entorno tecnol\u00f3gico de manipulaci\u00f3n gen\u00e9tica y sistemas controlados de producci\u00f3n agr\u00edcola, para la aplicaci\u00f3n del conocimiento te\u00f3rico, metodol\u00f3gico, t\u00e9cnico e instrumental que definen e identifican el perfil del Ingeniero Agrobiotecn\u00f3logo, que contribuyan a elevar la producci\u00f3n y productividad, as\u00ed como coadyuvar al logro del proceso productivo agr\u00edcola sustentable.<\/td><\/tr><\/tbody><\/table><\/figure>\n","protected":false},"excerpt":{"rendered":"<p>Prop\u00f3sitos generales y espec\u00edficos de la Licenciatura en Ingenier\u00eda en Agrobiotecnolog\u00eda&nbsp; Eje curricular: Prop\u00f3sito general:&nbsp; B\u00e1sico disciplinar&nbsp; Desarrollar la formaci\u00f3n elemental y general de car\u00e1cter multidisciplinario, con el prop\u00f3sito de ofrecer bases contextuales, metodol\u00f3gicas e instrumentales b\u00e1sicos de un \u00e1rea&hellip;&nbsp;<a href=\"http:\/\/favf.mx\/web\/propositos-generales-y-especificos-agrobiotecnologia\/\" class=\"more-link\">Read More<\/a><\/p>\n","protected":false},"author":2,"featured_media":0,"parent":0,"menu_order":0,"comment_status":"closed","ping_status":"closed","template":"","meta":{"_bbp_topic_count":0,"_bbp_reply_count":0,"_bbp_total_topic_count":0,"_bbp_total_reply_count":0,"_bbp_voice_count":0,"_bbp_anonymous_reply_count":0,"_bbp_topic_count_hidden":0,"_bbp_reply_count_hidden":0,"_bbp_forum_subforum_count":0,"footnotes":""},"class_list":["post-4413","page","type-page","status-publish","hentry"],"_links":{"self":[{"href":"http:\/\/favf.mx\/web\/wp-json\/wp\/v2\/pages\/4413","targetHints":{"allow":["GET"]}}],"collection":[{"href":"http:\/\/favf.mx\/web\/wp-json\/wp\/v2\/pages"}],"about":[{"href":"http:\/\/favf.mx\/web\/wp-json\/wp\/v2\/types\/page"}],"author":[{"embeddable":true,"href":"http:\/\/favf.mx\/web\/wp-json\/wp\/v2\/users\/2"}],"replies":[{"embeddable":true,"href":"http:\/\/favf.mx\/web\/wp-json\/wp\/v2\/comments?post=4413"}],"version-history":[{"count":1,"href":"http:\/\/favf.mx\/web\/wp-json\/wp\/v2\/pages\/4413\/revisions"}],"predecessor-version":[{"id":4414,"href":"http:\/\/favf.mx\/web\/wp-json\/wp\/v2\/pages\/4413\/revisions\/4414"}],"wp:attachment":[{"href":"http:\/\/favf.mx\/web\/wp-json\/wp\/v2\/media?parent=4413"}],"curies":[{"name":"wp","href":"https:\/\/api.w.org\/{rel}","templated":true}]}}