{"id":4408,"date":"2025-04-29T18:12:18","date_gmt":"2025-04-29T18:12:18","guid":{"rendered":"http:\/\/favf.mx\/web\/?page_id=4408"},"modified":"2025-04-29T18:12:19","modified_gmt":"2025-04-29T18:12:19","slug":"vision-agrobiotecnologia","status":"publish","type":"page","link":"http:\/\/favf.mx\/web\/vision-agrobiotecnologia\/","title":{"rendered":"Visi\u00f3n"},"content":{"rendered":"\n<p>La Licenciatura en Ingenier\u00eda en Agrobiotecnolog\u00eda pretende mejorar la gesti\u00f3n, planificaci\u00f3n, producci\u00f3n y comercializaci\u00f3n agr\u00edcola, su regulaci\u00f3n y normativa vigente en bioseguridad, que permite la formaci\u00f3n de profesionales de alta calidad en el campo de las Ciencias Agropecuarias y Biotecnol\u00f3gicas, especialistas en la resoluci\u00f3n de la problem\u00e1tica y las necesidades agr\u00edcolas actuales.<\/p>\n","protected":false},"excerpt":{"rendered":"<p>La Licenciatura en Ingenier\u00eda en Agrobiotecnolog\u00eda pretende mejorar la gesti\u00f3n, planificaci\u00f3n, producci\u00f3n y comercializaci\u00f3n agr\u00edcola, su regulaci\u00f3n y normativa vigente en bioseguridad, que permite la formaci\u00f3n de profesionales de alta calidad en el campo de las Ciencias Agropecuarias y Biotecnol\u00f3gicas,&hellip;&nbsp;<a href=\"http:\/\/favf.mx\/web\/vision-agrobiotecnologia\/\" class=\"more-link\">Read More<\/a><\/p>\n","protected":false},"author":2,"featured_media":0,"parent":0,"menu_order":0,"comment_status":"closed","ping_status":"closed","template":"","meta":{"_bbp_topic_count":0,"_bbp_reply_count":0,"_bbp_total_topic_count":0,"_bbp_total_reply_count":0,"_bbp_voice_count":0,"_bbp_anonymous_reply_count":0,"_bbp_topic_count_hidden":0,"_bbp_reply_count_hidden":0,"_bbp_forum_subforum_count":0,"footnotes":""},"class_list":["post-4408","page","type-page","status-publish","hentry"],"_links":{"self":[{"href":"http:\/\/favf.mx\/web\/wp-json\/wp\/v2\/pages\/4408","targetHints":{"allow":["GET"]}}],"collection":[{"href":"http:\/\/favf.mx\/web\/wp-json\/wp\/v2\/pages"}],"about":[{"href":"http:\/\/favf.mx\/web\/wp-json\/wp\/v2\/types\/page"}],"author":[{"embeddable":true,"href":"http:\/\/favf.mx\/web\/wp-json\/wp\/v2\/users\/2"}],"replies":[{"embeddable":true,"href":"http:\/\/favf.mx\/web\/wp-json\/wp\/v2\/comments?post=4408"}],"version-history":[{"count":1,"href":"http:\/\/favf.mx\/web\/wp-json\/wp\/v2\/pages\/4408\/revisions"}],"predecessor-version":[{"id":4410,"href":"http:\/\/favf.mx\/web\/wp-json\/wp\/v2\/pages\/4408\/revisions\/4410"}],"wp:attachment":[{"href":"http:\/\/favf.mx\/web\/wp-json\/wp\/v2\/media?parent=4408"}],"curies":[{"name":"wp","href":"https:\/\/api.w.org\/{rel}","templated":true}]}}