{"id":4365,"date":"2025-04-29T16:56:48","date_gmt":"2025-04-29T16:56:48","guid":{"rendered":"http:\/\/favf.mx\/web\/?page_id=4365"},"modified":"2025-04-29T17:12:42","modified_gmt":"2025-04-29T17:12:42","slug":"competencias-genericas-y-especificas","status":"publish","type":"page","link":"http:\/\/favf.mx\/web\/competencias-genericas-y-especificas\/","title":{"rendered":"Competencias gen\u00e9ricas y espec\u00edficas"},"content":{"rendered":"\n<p class=\"has-black-color has-text-color has-link-color has-medium-font-size wp-elements-371dbb013ecf9d9c1a52f65d2ba480b1\"><strong>Competencias gen\u00e9ricas de la Licenciatura en Ingenier\u00eda Agron\u00f3mica<\/strong><\/p>\n\n\n\n<p class=\"has-black-color has-text-color has-link-color wp-elements-2636bcd123bcd8807b3f2d2e76d2b9c1\"><em><strong>Competencias sello de la UAS:<\/strong><\/em><\/p>\n\n\n\n<p class=\"has-black-color has-text-color has-link-color wp-elements-85913e694cc27e7dea4f97e9e6332e65\"><strong>CG1.<\/strong> Desarrolla su potencial intelectual para generar el conocimiento necesario en la resoluci\u00f3n de problemas y retos, tanto de su vida individual y como parte de una comunidad, con sentido de pertinencia, identidad y empat\u00eda.<\/p>\n\n\n\n<p class=\"has-black-color has-text-color has-link-color wp-elements-a47a5d26c4ead8fc4a5cad7946f44db0\"><strong>CG2.<\/strong> Act\u00faa con iniciativa en la direcci\u00f3n que las exigencias colectivas le impongan para subsanar carencias y detonar el desarrollo social asumiendo su rol de profesionista comprometido, eficiente y creativo.<\/p>\n\n\n\n<p class=\"has-black-color has-text-color has-link-color wp-elements-3d9fc4d6ebb8d284dfcd4d666cf1f1cc\"><strong>CG3.<\/strong> Ejerce su conocimiento ponderando los valores \u00e9ticos para brindar mayores beneficios a la comunidad, con respeto a la ley y los c\u00f3digos que dirigen su desempe\u00f1o.<\/p>\n\n\n\n<p class=\"has-black-color has-text-color has-link-color wp-elements-0abad52d786aa98508e75ceb69cb8ed5\"><strong>CG4.<\/strong> Reconoce el valor de la salud y del equilibrio medioambiental para el crecimiento y estabilidad personal f\u00edsica y emocional, de manera que dicha armon\u00eda se extienda hacia su entorno de manera sostenida y sustentable.<\/p>\n\n\n\n<p class=\"has-black-color has-text-color has-link-color wp-elements-c2daa0f8e16c2b79c3337359d82968a4\"><strong>CG5.<\/strong> Aprecia el quehacer art\u00edstico como una manera de explorar y fortalecer su sensibilidad, intuici\u00f3n e imaginaci\u00f3n, con actitud reflexiva y amplio criterio respecto de los valores a la cultura local y universal.<\/p>\n\n\n\n<p class=\"has-black-color has-text-color has-link-color wp-elements-8d04e57659ef68977a07f73faa4d1df3\"><strong>CG6. <\/strong>Participa en la generaci\u00f3n de riqueza material, as\u00ed como en la administraci\u00f3n de los bienes patrimoniales, propios o comunes, que desarrollen un sentido de la previsi\u00f3n y preservaci\u00f3n de los recursos en beneficio de las presentes y futuras generaciones.<\/p>\n\n\n\n<p class=\"has-black-color has-text-color has-link-color wp-elements-d40a03724175765a2b8d5c01e32d746c\"><strong>CG7.<\/strong> Cultiva el compa\u00f1erismo, el trabajo en equipo y la coordinaci\u00f3n de esfuerzos bajo la aspiraci\u00f3n de mejorar las tareas acad\u00e9micas, los entornos laborales y la convivencia social en beneficio para la consecuci\u00f3n de metas que impactan en las formas de entablar y mantener relaciones humanas positivas.<\/p>\n\n\n\n<p class=\"has-black-color has-text-color has-link-color wp-elements-da6c5861ecf9bcf00c9b94dfcddea59a\"><strong>CG8.<\/strong> Asimila, de manera aut\u00f3noma y convencida, la necesidad de promover conductas que le orienten hacia el desarrollo del saber, del hacer y del convivir como formas trascendentales de la existencia, en lo inmediato y en lo futuro.<\/p>\n\n\n\n<p class=\"has-black-color has-text-color has-link-color wp-elements-e4e5ceaa140604d8fabb0c0dd3c5bd08\"><strong>CG9.<\/strong> Desarrolla nuevos enfoques interdisciplinarios y construye propuestas innovadoras a partir de la transdisciplina.<\/p>\n\n\n\n<p class=\"has-black-color has-text-color has-link-color wp-elements-cd3508d1b2688d80ba5101ebf5074533\"><strong>CG10.<\/strong> Asume con responsabilidad y \u00e9tica el manejo de las Tecnolog\u00edas del Aprendizaje y el Conocimiento y es capaz de reconducir las Tecnolog\u00edas de la Informaci\u00f3n y Comunicaci\u00f3n para la adquisici\u00f3n y actualizaci\u00f3n del conocimiento de manera permanente para su vida y su profesi\u00f3n.<\/p>\n\n\n\n<p><\/p>\n\n\n\n<p class=\"has-medium-font-size\"><a><strong>Competencias espec\u00edficas de la Licenciatura en Ingenier\u00eda Agron\u00f3mica<\/strong><\/a><\/p>\n\n\n\n<p class=\"has-text-align-left has-black-color has-text-color has-link-color wp-elements-9a8e24a41e9218ea3e8e69057cbcc547\"><strong>CE1. <\/strong>Aplica, genera y difunde conocimiento cient\u00edfico y tecnol\u00f3gico de vanguardia, para plantear soluciones pertinentes e innovadoras a los problemas y necesidades de producci\u00f3n\u00a0con un enfoque sustentable.<\/p>\n\n\n\n<p class=\"has-black-color has-text-color has-link-color wp-elements-8ccf27057dee34c64454fa7c1e3426b2\"><strong>CE2.<\/strong> Conserva y restaura las propiedades f\u00edsicas, qu\u00edmicas y biol\u00f3gicas de los suelos agr\u00edcolas, para producir eficientemente, con base en una pr\u00e1ctica sustentable que implica el adecuado uso del recurso agua.<\/p>\n\n\n\n<p class=\"has-black-color has-text-color has-link-color wp-elements-52d04f13f3d327b08cc22e5379bd63c9\"><strong>CE3.<\/strong>\u00a0 Aplica estrategias de soluci\u00f3n para problemas agropecuarios, para plantear con un enfoque de sustentabilidad de los recursos.<\/p>\n\n\n\n<p class=\"has-black-color has-text-color has-link-color wp-elements-aa6ae1c4b836eeb47b4f86e3b896dcb5\"><strong>CE4.<\/strong>&nbsp; Asesora y brinda consultor\u00eda al sector productivo e instituciones regulatorias de la actividad agropecuaria, para favorecer la calidad de la producci\u00f3n, con base en normas y reglamentos de la profesi\u00f3n.<\/p>\n\n\n\n<p class=\"has-black-color has-text-color has-link-color wp-elements-7c7fc054f24f23694b7355cb3f5559f0\"><strong>CE5.<\/strong> Formula y gestiona proyectos para producci\u00f3n agropecuaria, aplicando conocimientos adquiridos con enfoque de sustentabilidad para asegurar la calidad de la producci\u00f3n agropecuaria.<\/p>\n\n\n\n<p class=\"has-black-color has-text-color has-link-color wp-elements-b3f7a4ce526a2236d509663ab19a10dd\"><strong>CE6. <\/strong>Dise\u00f1a estrategias y opera programas de sanidad e inocuidad alimentaria para asegurar la calidad de la producci\u00f3n agropecuaria con base en un manejo racional de los recursos y protegiendo el ambiente.<\/p>\n\n\n\n<p class=\"has-black-color has-text-color has-link-color wp-elements-69dc65beaa750d4af869606bbb50ffdb\"><strong>CE7.<\/strong> Crea y administra empresas y procesos agr\u00edcolas agropecuarios, aplicando los conocimientos adquiridos con un enfoque sustentable para favorecer la calidad de la producci\u00f3n agr\u00edcola.<\/p>\n\n\n\n<p class=\"has-black-color has-text-color has-link-color wp-elements-ca93c577348d9dc79a4609d8d6011230\"><strong>CE8.<\/strong> Aplica tecnolog\u00edas y herramientas pertinentes para la soluci\u00f3n de la problem\u00e1tica agropecuaria, atendiendo a normas y reglamentos de seguridad.<\/p>\n\n\n\n<p><\/p>\n\n\n\n<p class=\"has-black-color has-text-color has-link-color has-medium-font-size wp-elements-5e4d21f6513807ae2769f1c4c42eab26\"><strong>Competencias espec\u00edficas por acentuaci\u00f3n<\/strong><\/p>\n\n\n\n<ul class=\"wp-block-list\">\n<li class=\"has-black-color has-text-color has-link-color has-medium-font-size wp-elements-53cc91fcb8914d3546c8b86a912f6293\"><strong>Agronegocios:<\/strong> Administra la din\u00e1mica de recursos naturales, financieros y humanos en las empresas agropecuarias.<\/li>\n\n\n\n<li class=\"has-black-color has-text-color has-link-color has-medium-font-size wp-elements-4c611184d3e42676842c5288216dc4ec\"><strong>Protecci\u00f3n Vegetal:<\/strong> Diagnostica y maneja la problem\u00e1tica fitosanitaria de los cultivos agr\u00edcolas con enfoque agroecol\u00f3gico.<\/li>\n\n\n\n<li class=\"has-black-color has-text-color has-link-color has-medium-font-size wp-elements-807db5011e63d9c46784d485a975710e\"><strong>Horticultura:<\/strong>&nbsp;&nbsp;&nbsp; Maneja&nbsp;&nbsp;&nbsp; agron\u00f3micamente&nbsp;&nbsp; hortalizas,&nbsp;&nbsp;&nbsp; frutales,&nbsp;&nbsp;&nbsp; flores,&nbsp;&nbsp;&nbsp; especias, ornamentales, granos y forestales de forma sustentable.<\/li>\n\n\n\n<li class=\"has-black-color has-text-color has-link-color has-medium-font-size wp-elements-d7c1bb253734d05dff3c3d02a640a27c\"><strong>Suelos y Agua:<\/strong> Maneja el recurso agua, suelo, planta, ambiente, microorganismos en la producci\u00f3n agr\u00edcola y resuelve su problem\u00e1tica de manera convencional y tambi\u00e9n sustentable.<\/li>\n<\/ul>\n","protected":false},"excerpt":{"rendered":"<p>Competencias gen\u00e9ricas de la Licenciatura en Ingenier\u00eda Agron\u00f3mica Competencias sello de la UAS: CG1. Desarrolla su potencial intelectual para generar el conocimiento necesario en la resoluci\u00f3n de problemas y retos, tanto de su vida individual y como parte de una&hellip;&nbsp;<a href=\"http:\/\/favf.mx\/web\/competencias-genericas-y-especificas\/\" class=\"more-link\">Read More<\/a><\/p>\n","protected":false},"author":2,"featured_media":0,"parent":0,"menu_order":0,"comment_status":"closed","ping_status":"closed","template":"","meta":{"_bbp_topic_count":0,"_bbp_reply_count":0,"_bbp_total_topic_count":0,"_bbp_total_reply_count":0,"_bbp_voice_count":0,"_bbp_anonymous_reply_count":0,"_bbp_topic_count_hidden":0,"_bbp_reply_count_hidden":0,"_bbp_forum_subforum_count":0,"footnotes":""},"class_list":["post-4365","page","type-page","status-publish","hentry"],"_links":{"self":[{"href":"http:\/\/favf.mx\/web\/wp-json\/wp\/v2\/pages\/4365","targetHints":{"allow":["GET"]}}],"collection":[{"href":"http:\/\/favf.mx\/web\/wp-json\/wp\/v2\/pages"}],"about":[{"href":"http:\/\/favf.mx\/web\/wp-json\/wp\/v2\/types\/page"}],"author":[{"embeddable":true,"href":"http:\/\/favf.mx\/web\/wp-json\/wp\/v2\/users\/2"}],"replies":[{"embeddable":true,"href":"http:\/\/favf.mx\/web\/wp-json\/wp\/v2\/comments?post=4365"}],"version-history":[{"count":5,"href":"http:\/\/favf.mx\/web\/wp-json\/wp\/v2\/pages\/4365\/revisions"}],"predecessor-version":[{"id":4376,"href":"http:\/\/favf.mx\/web\/wp-json\/wp\/v2\/pages\/4365\/revisions\/4376"}],"wp:attachment":[{"href":"http:\/\/favf.mx\/web\/wp-json\/wp\/v2\/media?parent=4365"}],"curies":[{"name":"wp","href":"https:\/\/api.w.org\/{rel}","templated":true}]}}