{"id":4363,"date":"2025-04-29T16:54:54","date_gmt":"2025-04-29T16:54:54","guid":{"rendered":"http:\/\/favf.mx\/web\/?page_id=4363"},"modified":"2025-04-29T16:54:56","modified_gmt":"2025-04-29T16:54:56","slug":"propositos-generales-y-especificos","status":"publish","type":"page","link":"http:\/\/favf.mx\/web\/propositos-generales-y-especificos\/","title":{"rendered":"Prop\u00f3sitos generales y espec\u00edficos"},"content":{"rendered":"\n<p><a>Prop\u00f3sitos generales y espec\u00edficos de la Licenciatura en Ingenier\u00eda Agron\u00f3mica<\/a><\/p>\n\n\n\n<figure class=\"wp-block-table\"><table class=\"has-fixed-layout\"><tbody><tr><td><em>Eje curricular:<\/em><\/td><td><em>Prop\u00f3sito general:<\/em><\/td><\/tr><tr><td>B\u00e1sico disciplinar<\/td><td>Desarrollar la formaci\u00f3n elemental y general de car\u00e1cter multidisciplinario, con el prop\u00f3sito de&nbsp;&nbsp; ofrecer bases contextuales, metodol\u00f3gicas e instrumentales b\u00e1sicos de un \u00e1rea de dominio cient\u00edfico, fundamentales en la compresi\u00f3n del origen y la ubicaci\u00f3n disciplinaria, la relaci\u00f3n entre disciplinas y la inserci\u00f3n del Ingeniero Agr\u00f3nomo en un complejo disciplinario e interdisciplinario.<\/td><\/tr><tr><td>Investigaci\u00f3n y emprendimiento<\/td><td>Impulsar la generaci\u00f3n de ideas ante situaciones distintas, la capacidad de ser propositivos y asumir riesgos; esforzarse por lograr metas, responsabilizarse de sus actos, el impacto que tienen en su entorno, adquirir consciencia y conocimiento, desarrollando estrategias que lo impulsen en su formaci\u00f3n integral y su capacidad de entendimiento del entorno como Ingeniero Agr\u00f3nomo.<\/td><\/tr><tr><td>Profesionalizante<\/td><td>Desarrollar la formaci\u00f3n para la aplicaci\u00f3n del conocimiento espec\u00edfico de car\u00e1cter disciplinario, con el objeto de proporcionar al estudiante los elementos te\u00f3ricos, metodol\u00f3gicos, t\u00e9cnicos e instrumentales que definen e identifican el perfil del Ingeniero Agr\u00f3nomo, que contribuyan a elevar la producci\u00f3n y productividad, as\u00ed como coadyuvar al logro del proceso productivo agr\u00edcola sustentable.<\/td><\/tr><\/tbody><\/table><\/figure>\n","protected":false},"excerpt":{"rendered":"<p>Prop\u00f3sitos generales y espec\u00edficos de la Licenciatura en Ingenier\u00eda Agron\u00f3mica Eje curricular: Prop\u00f3sito general: B\u00e1sico disciplinar Desarrollar la formaci\u00f3n elemental y general de car\u00e1cter multidisciplinario, con el prop\u00f3sito de&nbsp;&nbsp; ofrecer bases contextuales, metodol\u00f3gicas e instrumentales b\u00e1sicos de un \u00e1rea de&hellip;&nbsp;<a href=\"http:\/\/favf.mx\/web\/propositos-generales-y-especificos\/\" class=\"more-link\">Read More<\/a><\/p>\n","protected":false},"author":2,"featured_media":0,"parent":0,"menu_order":0,"comment_status":"closed","ping_status":"closed","template":"","meta":{"_bbp_topic_count":0,"_bbp_reply_count":0,"_bbp_total_topic_count":0,"_bbp_total_reply_count":0,"_bbp_voice_count":0,"_bbp_anonymous_reply_count":0,"_bbp_topic_count_hidden":0,"_bbp_reply_count_hidden":0,"_bbp_forum_subforum_count":0,"footnotes":""},"class_list":["post-4363","page","type-page","status-publish","hentry"],"_links":{"self":[{"href":"http:\/\/favf.mx\/web\/wp-json\/wp\/v2\/pages\/4363","targetHints":{"allow":["GET"]}}],"collection":[{"href":"http:\/\/favf.mx\/web\/wp-json\/wp\/v2\/pages"}],"about":[{"href":"http:\/\/favf.mx\/web\/wp-json\/wp\/v2\/types\/page"}],"author":[{"embeddable":true,"href":"http:\/\/favf.mx\/web\/wp-json\/wp\/v2\/users\/2"}],"replies":[{"embeddable":true,"href":"http:\/\/favf.mx\/web\/wp-json\/wp\/v2\/comments?post=4363"}],"version-history":[{"count":1,"href":"http:\/\/favf.mx\/web\/wp-json\/wp\/v2\/pages\/4363\/revisions"}],"predecessor-version":[{"id":4364,"href":"http:\/\/favf.mx\/web\/wp-json\/wp\/v2\/pages\/4363\/revisions\/4364"}],"wp:attachment":[{"href":"http:\/\/favf.mx\/web\/wp-json\/wp\/v2\/media?parent=4363"}],"curies":[{"name":"wp","href":"https:\/\/api.w.org\/{rel}","templated":true}]}}