{"id":4089,"date":"2023-10-17T16:27:11","date_gmt":"2023-10-17T16:27:11","guid":{"rendered":"http:\/\/favf.mx\/web\/?page_id=4089"},"modified":"2023-10-17T16:44:18","modified_gmt":"2023-10-17T16:44:18","slug":"examenes-especiales","status":"publish","type":"page","link":"http:\/\/favf.mx\/web\/examenes-especiales\/","title":{"rendered":"Ex\u00e1menes especiales"},"content":{"rendered":"\n<p>Atenci\u00f3n<\/p>\n\n\n\n<p>A toda los alumnos que deban materias y que no los permita promoverse (pasar de a\u00f1o), se les informa que habr\u00e1 un periodo de ex\u00e1menes de regularizaci\u00f3n&nbsp;<\/p>\n\n\n\n<p>El periodo\u00a0\u00a0para solicitar y pagar ser\u00e1 del 8 al 14 de agosto de 2023<\/p>\n\n\n\n<p>El n\u00famero m\u00e1ximo que permite solicitar el periodo es de tres materias&nbsp;<\/p>\n\n\n\n<p>El proceso para solicitar y generar su hoja de pago es igual que de ex\u00e1menes extraordinarios&nbsp;<\/p>\n","protected":false},"excerpt":{"rendered":"<p>Atenci\u00f3n A toda los alumnos que deban materias y que no los permita promoverse (pasar de a\u00f1o), se les informa que habr\u00e1 un periodo de ex\u00e1menes de regularizaci\u00f3n&nbsp; El periodo\u00a0\u00a0para solicitar y pagar ser\u00e1 del 8 al 14 de agosto&hellip;&nbsp;<a href=\"http:\/\/favf.mx\/web\/examenes-especiales\/\" class=\"more-link\">Read More<\/a><\/p>\n","protected":false},"author":2,"featured_media":4081,"parent":0,"menu_order":0,"comment_status":"closed","ping_status":"closed","template":"","meta":{"_bbp_topic_count":0,"_bbp_reply_count":0,"_bbp_total_topic_count":0,"_bbp_total_reply_count":0,"_bbp_voice_count":0,"_bbp_anonymous_reply_count":0,"_bbp_topic_count_hidden":0,"_bbp_reply_count_hidden":0,"_bbp_forum_subforum_count":0,"footnotes":""},"class_list":["post-4089","page","type-page","status-publish","has-post-thumbnail","hentry"],"_links":{"self":[{"href":"http:\/\/favf.mx\/web\/wp-json\/wp\/v2\/pages\/4089","targetHints":{"allow":["GET"]}}],"collection":[{"href":"http:\/\/favf.mx\/web\/wp-json\/wp\/v2\/pages"}],"about":[{"href":"http:\/\/favf.mx\/web\/wp-json\/wp\/v2\/types\/page"}],"author":[{"embeddable":true,"href":"http:\/\/favf.mx\/web\/wp-json\/wp\/v2\/users\/2"}],"replies":[{"embeddable":true,"href":"http:\/\/favf.mx\/web\/wp-json\/wp\/v2\/comments?post=4089"}],"version-history":[{"count":2,"href":"http:\/\/favf.mx\/web\/wp-json\/wp\/v2\/pages\/4089\/revisions"}],"predecessor-version":[{"id":4093,"href":"http:\/\/favf.mx\/web\/wp-json\/wp\/v2\/pages\/4089\/revisions\/4093"}],"wp:featuredmedia":[{"embeddable":true,"href":"http:\/\/favf.mx\/web\/wp-json\/wp\/v2\/media\/4081"}],"wp:attachment":[{"href":"http:\/\/favf.mx\/web\/wp-json\/wp\/v2\/media?parent=4089"}],"curies":[{"name":"wp","href":"https:\/\/api.w.org\/{rel}","templated":true}]}}