{"id":1781,"date":"2019-04-01T16:09:35","date_gmt":"2019-04-01T16:09:35","guid":{"rendered":"http:\/\/favf.mx\/web\/?page_id=1781"},"modified":"2019-12-02T17:19:44","modified_gmt":"2019-12-02T17:19:44","slug":"plan-de-estudios","status":"publish","type":"page","link":"http:\/\/favf.mx\/web\/plan-de-estudios\/","title":{"rendered":"Plan de Estudios"},"content":{"rendered":"<table>\n<tbody>\n<tr>\n<td width=\"294\">SEMESTRE 1.<\/p>\n<p>1. BOT\u00c1NICA GENERAL.<br \/>\n2. BIOQU\u00cdMICA AGR\u00cdCOLA<br \/>\n3. MATEM\u00c1TICAS APLICADAS.<br \/>\n4. AGROMETEOROLOG\u00cdA.<br \/>\n5. MAQUINARIA AGR\u00cdCOLA.<br \/>\n6. ZOOTECNIA GENERAL.<\/p>\n<p>&nbsp;<\/td>\n<td width=\"294\">SEMESTRE 2.<\/p>\n<p>1. BOT\u00c1NICA SISTEM\u00c1TICA.<br \/>\n2. ANATOM\u00cdA Y FISIOLOG\u00cdA VEGETAL.<br \/>\n3. AGROECOLOG\u00cdA<br \/>\n4. EDAFOLOG\u00cdA.<br \/>\n5. TOPOGRAF\u00cdA AGR\u00cdCOLA<br \/>\n6. ESTRUCTURA AGRARIA Y DESARROLLO RURAL.<\/p>\n<p>&nbsp;<\/td>\n<\/tr>\n<tr>\n<td width=\"294\">SEMESTRE 3.<\/p>\n<p>1. QU\u00cdMICA DE SUELOS.<br \/>\n2. CULTIVOS B\u00c1SICOS Y OLEAGINOSAS.<br \/>\n3. GEN\u00c9TICA B\u00c1SICA.<br \/>\n4. MALAS HIERBAS Y HERBICIDAS.<br \/>\n5. ANATOM\u00cdA Y FISIOLOG\u00cdA ANIMAL.<br \/>\n6. ECONOM\u00cdA AGR\u00cdCOLA.<br \/>\n7. INGL\u00c9S T\u00c9CNICO.<\/p>\n<p>&nbsp;<\/td>\n<td width=\"294\">SEMESTRE 4.<\/p>\n<p>1. ESTAD\u00cdSTICA APLICADA.<br \/>\n2. BIOTECNOLOG\u00cdA.<br \/>\n3. ENTOMOLOG\u00cdA GENERAL.<br \/>\n4. FITOPATOLOG\u00cdA GENERAL.<br \/>\n5. HIDR\u00c1ULICA.<br \/>\n6. ADMINISTRACI\u00d3N AGROPECUARIA.<br \/>\n7. METODOLOG\u00cdA DE LA INVESTIGACI\u00d3N.<\/p>\n<p>&nbsp;<\/td>\n<\/tr>\n<tr>\n<td width=\"294\">SEMESTRE 5.<\/p>\n<p>1. DISE\u00d1OS EXPERIMENTALES.<br \/>\n2. OLERICULTURA I.<br \/>\n3. ESTADOS INMADUROS DE INSECTOS.<br \/>\n4. FITOPATOLOG\u00cdA AGR\u00cdCOLA.<br \/>\n5. IRRIGACI\u00d3N Y DRENAJE.<br \/>\n6. MANEJO Y PRODUCCI\u00d3N DE FORRAJES.<\/p>\n<p>&nbsp;<\/td>\n<td width=\"294\">SEMESTRE 6.<\/p>\n<p>1. FRUTICULTURA.<br \/>\n2. ENTOMOLOG\u00cdA AGR\u00cdCOLA.<br \/>\n3. NUTRICI\u00d3N VEGETAL.<br \/>\n4. ALIMENTACI\u00d3N PECUARIA.<br \/>\n5. CONSERVACI\u00d3N DE PRODUCTOS AGROPECUARIOS.<br \/>\n6. MERCADEO AGROPECUARIO.<\/p>\n<p>&nbsp;<\/td>\n<\/tr>\n<tr>\n<td width=\"294\">SEMESTRE 7.<\/p>\n<p>AGRONEGOCIOS.<\/p>\n<p>&#8211; SISTEMAS ADMINISTRATIOS.<br \/>\n&#8211; MARCO LEGAL.<br \/>\n&#8211; SEGURO, CR\u00c9DITO Y FINANZAS.<br \/>\n&#8211; MATEM\u00c1TICAS FINANCIERAS.<br \/>\n&#8211; CONTABILIDAD AGR\u00cdCOLA.<br \/>\n-OPTATIVA.<\/p>\n<p>HORTICULTURA<\/p>\n<p>&#8211; GENOTECNIA VEGETAL.<br \/>\n&#8211; OLERICULTURA II.<br \/>\n&#8211; FRUTICULTURA ESPECIAL.<br \/>\n&#8211; CULTIVOS PROTEGIDOS.<br \/>\n&#8211; PRODUCCI\u00d3N DE AGROECOSISTEMAS.<br \/>\n-OPTATIVA.<\/p>\n<p>PRODUCCI\u00d3N PECUARIA.<\/p>\n<p>&#8211; MICROBIOLOG\u00cdA PECUARIA.<br \/>\n&#8211; REPRODUCCI\u00d3N ANIMAL.<br \/>\n&#8211; NUTRICI\u00d3N ANIMAL A RUMEANTES.<br \/>\n&#8211; NUTRICI\u00d3N ANIMAL A NO RUMEANTES.<br \/>\n&#8211; GEN\u00c9TICA Y MEJORAMIENTO ANIMAL.<br \/>\n-OPTATIVA.<\/p>\n<p>PROTECCI\u00d3N VEGETAL.<\/p>\n<p>&#8211; HONGOS.<br \/>\n&#8211; VIRUS.<br \/>\n&#8211; NEM\u00c1TODOS.<br \/>\n&#8211; PLAGAS AGR\u00cdCOLAS I.<br \/>\n&#8211; TOXICOLOG\u00cdA MANEJO DE INSECTOS.<br \/>\n&#8211; OPTATIVA.<\/p>\n<p>SUELOS Y AGUA.<\/p>\n<p>&#8211; ANATOM\u00cdA QU\u00cdMICA DE SUELOS Y AGUA.<br \/>\n&#8211; TAXONOM\u00cdA DE SUELO.<br \/>\n&#8211; MICROBIOLOG\u00cdA DE SUELO.<br \/>\n&#8211; SALINIDAD DE SUELO.<br \/>\n&#8211; OPERACI\u00d3N DE M\u00d3DULOS Y SISTEMAS DE RIEGO.<br \/>\n&#8211; OPTATIVA.<\/p>\n<p>&nbsp;<\/td>\n<td width=\"294\">SEMESTRE 8<\/p>\n<p>AGRONEGOCIOS<\/p>\n<p>&#8211; COMERCIO INTERNACIONAL.<br \/>\n&#8211; DESARROLLO DE AGRONEGOCIOS.<br \/>\n&#8211; SEMINARIO DE AGRONOM\u00cdA.<br \/>\n&#8211; FORMACI\u00d3N Y EVALUACI\u00d3N DE PROYECTOS.<br \/>\n&#8211; CALIDAD Y PRODUCTIVIDAD.<br \/>\n&#8211; OPTATIVA.<\/p>\n<p>HORTICULTURA<\/p>\n<p>&#8211; FLORICULTURA Y HERBOLARIA.<br \/>\n&#8211; INGENIER\u00cdA GEN\u00c9TICA Y CULTIVOS TEJIDOS VEGETALES.<br \/>\n&#8211; MANEJO POSTCOSECHA E INOCUIDAD.<br \/>\n&#8211; PRODUCCI\u00d3N Y MANEJO DE SEMILLAS.<br \/>\n&#8211; FISIOTECNICA VEGETAL.<br \/>\n&#8211; OPTATIVA.<\/p>\n<p>PRODUCCI\u00d3N PECUARIA.<\/p>\n<p>&#8211; SISTEMAS DE PRODUCCI\u00d3N ANIMAL EN PASTOREO.<br \/>\n&#8211; SISTEMAS DE PRODUCCI\u00d3N ANIMAL EN ESTABULACI\u00d3N.<br \/>\n&#8211; ECOLOG\u00cdA RUMINAL.<br \/>\n&#8211; INDUSTRIALIZACI\u00d3N DE PRODUCTOS PECUARIOS.<br \/>\n&#8211; AGROSTOLOG\u00cdA Y PR\u00c1CTICAS.<br \/>\n&#8211; OPTATIVA.<\/p>\n<p>PROTECCI\u00d3N VEGETAL.<\/p>\n<p>&#8211; BACTERIAS.<br \/>\n&#8211; MANEJO INTEGRADO DE PLAGAS.<br \/>\n&#8211; CONTROL BIOL\u00d3GICO.<br \/>\n&#8211; MANEJO DE ENFERMEDADES.<br \/>\n&#8211; PLAGAS AGR\u00cdCOLAS II.<br \/>\n&#8211; OPTATIVA.<\/p>\n<p>SUELOS Y AGUA.<\/p>\n<p>&#8211; CULTIVOS HIDROP\u00d3NICOS.<br \/>\n&#8211; FERTIRRIGACI\u00d3N.<br \/>\n&#8211; F\u00cdSICA DE SUELOS.<br \/>\n&#8211; AGRICULTURA ORG\u00c1NICA.<br \/>\n&#8211; CONSERVACI\u00d3N DE SUELOS Y AGUA.<br \/>\n&#8211; OPTATIVA.<\/p>\n<p>&nbsp;<\/td>\n<\/tr>\n<tr>\n<td width=\"294\">SEMESTRE 9<\/p>\n<p>1. FORMACI\u00d3N Y EVALUACI\u00d3N DE PROYECTOS<br \/>\n2. SEMINARIO DE TESIS<\/p>\n<p>&nbsp;<\/td>\n<td width=\"294\">MATERIAS OPTATIVAS<\/p>\n<p><em>S\u00c9PTIMO SEMESTRE<\/em><\/p>\n<p>&#8211; FUNGICIDAS AGR\u00cdCOLAS<\/p>\n<p>&#8211; EQUIPOS Y T\u00c9NICAS DE APLICACI\u00d3N<\/p>\n<p>&#8211; \u00c1CAROS Y ROEDORES.<\/p>\n<p>&#8211; LEGISLACI\u00d3N FITOSANITARIA<\/p>\n<p>&#8211; DISE\u00d1O Y MANEJO DE ESTRUCTURAS PROTECTORAS DE CULTIVOS<\/p>\n<p>&#8211; GEN\u00c9TICA VEGETAL<\/p>\n<p>&#8211; MANEJO Y CONSERVACI\u00d3N DE RECURSOS GEN\u00c9TICOS VEGETALES<\/p>\n<p>&#8211; INFRAESTRUCTURA PECUARIA<\/p>\n<p>&#8211; PARASITOLOG\u00cdA PECUARIA<\/p>\n<p>&#8211; PROBLEMAS ESPECIALES I<\/p>\n<p>&#8211; RIEGO SUPERFICIAL<\/p>\n<p>&#8211; FOTOGRAMETRIA Y FOTOINTERPRETACI\u00d3N<\/p>\n<p>&#8211; EVALUACI\u00d3N DE TIERRAS<\/p>\n<p>&#8211; ORGANIZACI\u00d3N DE LOS PRODUCTORES<\/p>\n<p>&#8211; INVESTIGACI\u00d3N DE MERCADOS<\/p>\n<p>&nbsp;<\/p>\n<p><em>OCTAVO SEMESTRE<\/em><\/p>\n<p>&#8211; ENFERMEDADES DE HORTALIZAS<\/p>\n<p>&#8211; PLAGAS DE HORTALIZAS<\/p>\n<p>&#8211; GRANOS ALMACENADOS<\/p>\n<p>&#8211; SISTEMAS DE PROPAGACI\u00d3N VEGETAL<\/p>\n<p>&#8211; RESISTENCIA GEN\u00c9TICA DE CULTIVOS AL ESTR\u00c9S<\/p>\n<p>&#8211; PRODUCCI\u00d3N INTENSIVA DE FRUTALES<\/p>\n<p>&#8211; PRODUCCI\u00d3N INTENSIVA DE HORTALIZAS<\/p>\n<p>&#8211; LEGISLACI\u00d3N PECUARIA<\/p>\n<p>&#8211; CLASIFICACI\u00d3N DE CARNES<\/p>\n<p>&#8211; PROBLEMAS ESPECIALES II<\/p>\n<p>&#8211; RIEGO PRESURIZADO<\/p>\n<p>&#8211; RELACI\u00d3N AGUA, SUELO, PLANTA, ATM\u00d3SFERA<\/p>\n<p>&#8211; PROGRAMA DE APOYO AL SECTOR AGROPECUARIO<\/p>\n<p>&#8211; EXTENSI\u00d3N Y DIVULGACI\u00d3N AGR\u00cdCOLA<\/p>\n<p>&#8211; T\u00d3PICOS SELECTOS DE GEN\u00c9TICA APLICADA<\/p>\n<p>&nbsp;<\/td>\n<\/tr>\n<\/tbody>\n<\/table>\n<p>&nbsp;<\/p>\n<p><a href=\"http:\/\/favf.mx\/web\/wp-content\/uploads\/2019\/04\/Plan-de-estudios-FAVF.pdf\"><img loading=\"lazy\" decoding=\"async\" class=\"aligncenter wp-image-953\" src=\"http:\/\/favf.mx\/web\/wp-content\/uploads\/2018\/05\/icono-PDF-258x300.png\" alt=\"\" width=\"81\" height=\"94\" srcset=\"http:\/\/favf.mx\/web\/wp-content\/uploads\/2018\/05\/icono-PDF-258x300.png 258w, http:\/\/favf.mx\/web\/wp-content\/uploads\/2018\/05\/icono-PDF-233x270.png 233w, http:\/\/favf.mx\/web\/wp-content\/uploads\/2018\/05\/icono-PDF.png 360w\" sizes=\"auto, (max-width: 81px) 100vw, 81px\" \/><\/a><\/p>\n","protected":false},"excerpt":{"rendered":"<p>SEMESTRE 1. 1. BOT\u00c1NICA GENERAL. 2. BIOQU\u00cdMICA AGR\u00cdCOLA 3. MATEM\u00c1TICAS APLICADAS. 4. AGROMETEOROLOG\u00cdA. 5. MAQUINARIA AGR\u00cdCOLA. 6. ZOOTECNIA GENERAL. &nbsp; SEMESTRE 2. 1. BOT\u00c1NICA SISTEM\u00c1TICA. 2. ANATOM\u00cdA Y FISIOLOG\u00cdA VEGETAL. 3. AGROECOLOG\u00cdA 4. EDAFOLOG\u00cdA. 5. TOPOGRAF\u00cdA AGR\u00cdCOLA 6. ESTRUCTURA AGRARIA&hellip;&nbsp;<a href=\"http:\/\/favf.mx\/web\/plan-de-estudios\/\" class=\"more-link\">Read More<\/a><\/p>\n","protected":false},"author":2,"featured_media":0,"parent":0,"menu_order":0,"comment_status":"closed","ping_status":"closed","template":"","meta":{"_bbp_topic_count":0,"_bbp_reply_count":0,"_bbp_total_topic_count":0,"_bbp_total_reply_count":0,"_bbp_voice_count":0,"_bbp_anonymous_reply_count":0,"_bbp_topic_count_hidden":0,"_bbp_reply_count_hidden":0,"_bbp_forum_subforum_count":0,"footnotes":""},"class_list":["post-1781","page","type-page","status-publish","hentry"],"_links":{"self":[{"href":"http:\/\/favf.mx\/web\/wp-json\/wp\/v2\/pages\/1781","targetHints":{"allow":["GET"]}}],"collection":[{"href":"http:\/\/favf.mx\/web\/wp-json\/wp\/v2\/pages"}],"about":[{"href":"http:\/\/favf.mx\/web\/wp-json\/wp\/v2\/types\/page"}],"author":[{"embeddable":true,"href":"http:\/\/favf.mx\/web\/wp-json\/wp\/v2\/users\/2"}],"replies":[{"embeddable":true,"href":"http:\/\/favf.mx\/web\/wp-json\/wp\/v2\/comments?post=1781"}],"version-history":[{"count":9,"href":"http:\/\/favf.mx\/web\/wp-json\/wp\/v2\/pages\/1781\/revisions"}],"predecessor-version":[{"id":2068,"href":"http:\/\/favf.mx\/web\/wp-json\/wp\/v2\/pages\/1781\/revisions\/2068"}],"wp:attachment":[{"href":"http:\/\/favf.mx\/web\/wp-json\/wp\/v2\/media?parent=1781"}],"curies":[{"name":"wp","href":"https:\/\/api.w.org\/{rel}","templated":true}]}}