{"id":737,"date":"2019-05-22T15:54:19","date_gmt":"2019-05-22T15:54:19","guid":{"rendered":"http:\/\/favf.mx\/dgip\/?page_id=737"},"modified":"2019-05-22T15:58:57","modified_gmt":"2019-05-22T15:58:57","slug":"convocatoria-maestria-2019","status":"publish","type":"page","link":"http:\/\/favf.mx\/dgip\/convocatoria-maestria-2019\/","title":{"rendered":"Convocatoria Maestr\u00eda 2019"},"content":{"rendered":"<p>La Universidad Aut\u00f3noma de Sinaloa y la Direcci\u00f3n General de Investigaci\u00f3n y Posgrado a trav\u00e9s del Colegio de Ciencias Agropecuarias convoca a interesados en ingresar al programa de Maestr\u00eda y Doctorado en Ciencias Agropecuarias\u00a0a realizar registro de solicitudes desde la emisi\u00f3n de la convocatoria hasta el 07 de junio de 2019<\/p>\n<p><a href=\"http:\/\/favf.mx\/dgip\/wp-content\/uploads\/2019\/05\/maestria2019.jpg\"><img loading=\"lazy\" decoding=\"async\" class=\"aligncenter wp-image-739 size-full\" src=\"http:\/\/favf.mx\/dgip\/wp-content\/uploads\/2019\/05\/maestria2019.jpg\" alt=\"\" width=\"841\" height=\"1280\" srcset=\"http:\/\/favf.mx\/dgip\/wp-content\/uploads\/2019\/05\/maestria2019.jpg 841w, http:\/\/favf.mx\/dgip\/wp-content\/uploads\/2019\/05\/maestria2019-197x300.jpg 197w, http:\/\/favf.mx\/dgip\/wp-content\/uploads\/2019\/05\/maestria2019-768x1169.jpg 768w, http:\/\/favf.mx\/dgip\/wp-content\/uploads\/2019\/05\/maestria2019-673x1024.jpg 673w, http:\/\/favf.mx\/dgip\/wp-content\/uploads\/2019\/05\/maestria2019-177x270.jpg 177w\" sizes=\"auto, (max-width: 841px) 100vw, 841px\" \/><\/a><\/p>\n","protected":false},"excerpt":{"rendered":"<p>La Universidad Aut\u00f3noma de Sinaloa y la Direcci\u00f3n General de Investigaci\u00f3n y Posgrado a trav\u00e9s del Colegio de Ciencias Agropecuarias convoca a interesados en ingresar al programa de Maestr\u00eda y Doctorado en Ciencias Agropecuarias\u00a0a realizar registro de solicitudes desde la&hellip;&nbsp;<a href=\"http:\/\/favf.mx\/dgip\/convocatoria-maestria-2019\/\" class=\"more-link\">Read More<\/a><\/p>\n","protected":false},"author":2,"featured_media":679,"parent":0,"menu_order":0,"comment_status":"closed","ping_status":"closed","template":"","meta":{"footnotes":""},"class_list":["post-737","page","type-page","status-publish","has-post-thumbnail","hentry"],"_links":{"self":[{"href":"http:\/\/favf.mx\/dgip\/wp-json\/wp\/v2\/pages\/737","targetHints":{"allow":["GET"]}}],"collection":[{"href":"http:\/\/favf.mx\/dgip\/wp-json\/wp\/v2\/pages"}],"about":[{"href":"http:\/\/favf.mx\/dgip\/wp-json\/wp\/v2\/types\/page"}],"author":[{"embeddable":true,"href":"http:\/\/favf.mx\/dgip\/wp-json\/wp\/v2\/users\/2"}],"replies":[{"embeddable":true,"href":"http:\/\/favf.mx\/dgip\/wp-json\/wp\/v2\/comments?post=737"}],"version-history":[{"count":3,"href":"http:\/\/favf.mx\/dgip\/wp-json\/wp\/v2\/pages\/737\/revisions"}],"predecessor-version":[{"id":753,"href":"http:\/\/favf.mx\/dgip\/wp-json\/wp\/v2\/pages\/737\/revisions\/753"}],"wp:featuredmedia":[{"embeddable":true,"href":"http:\/\/favf.mx\/dgip\/wp-json\/wp\/v2\/media\/679"}],"wp:attachment":[{"href":"http:\/\/favf.mx\/dgip\/wp-json\/wp\/v2\/media?parent=737"}],"curies":[{"name":"wp","href":"https:\/\/api.w.org\/{rel}","templated":true}]}}